{"id":600,"date":"2020-02-25T11:45:09","date_gmt":"2021-10-22T10:55:45","guid":{"rendered":"https:\/\/lucialight.fr\/produit\/sin%20categor\u00eda\/acheter-la-lampe-pandorastar-lampe-hypnagogique\/"},"modified":"2021-10-22T14:51:14","modified_gmt":"2021-10-22T12:51:14","slug":"comprar-pandora-star-luz-hipnagogica","status":"publish","type":"product","link":"https:\/\/lucialight.fr\/es\/produit\/luz-hipnagogicas\/comprar-pandora-star-luz-hipnagogica\/","title":{"rendered":"Comprar la luz PandoraStar &#8211; L\u00e1mpara hipnag\u00f3gica"},"content":{"rendered":"<p>[et_pb_section fb_built=\u00bb1&#8243; _builder_version=\u00bb3.22&#8243; custom_padding=\u00bb0px||||false|false\u00bb global_colors_info=\u00bb{}\u00bb][et_pb_row _builder_version=\u00bb3.25&#8243; background_size=\u00bbinitial\u00bb background_position=\u00bbtop_left\u00bb background_repeat=\u00bbrepeat\u00bb width=\u00bb100%\u00bb custom_padding=\u00bb0px||0px||false|false\u00bb global_colors_info=\u00bb{}\u00bb][et_pb_column type=\u00bb4_4&#8243; _builder_version=\u00bb3.25&#8243; custom_padding=\u00bb|||\u00bb global_colors_info=\u00bb{}\u00bb custom_padding__hover=\u00bb|||\u00bb][et_pb_wc_breadcrumb _builder_version=\u00bb%223.0.47%22&#8243; global_colors_info=\u00bb%22{}%22&#8243;][\/et_pb_wc_breadcrumb][et_pb_wc_cart_notice _builder_version=\u00bb%223.0.47%22&#8243; global_colors_info=\u00bb%22{}%22&#8243;][\/et_pb_wc_cart_notice][\/et_pb_column][\/et_pb_row][et_pb_row column_structure=\u00bb1_2,1_2&#8243; _builder_version=\u00bb3.25&#8243; background_size=\u00bbinitial\u00bb background_position=\u00bbtop_left\u00bb background_repeat=\u00bbrepeat\u00bb width=\u00bb100%\u00bb custom_padding=\u00bb0px||||false|false\u00bb global_colors_info=\u00bb{}\u00bb][et_pb_column type=\u00bb1_2&#8243; _builder_version=\u00bb3.25&#8243; custom_padding=\u00bb|||\u00bb global_colors_info=\u00bb{}\u00bb custom_padding__hover=\u00bb|||\u00bb][et_pb_wc_images _builder_version=\u00bb%223.0.47%22&#8243; global_colors_info=\u00bb%22{}%22&#8243;][\/et_pb_wc_images][\/et_pb_column][et_pb_column type=\u00bb1_2&#8243; _builder_version=\u00bb3.25&#8243; custom_padding=\u00bb|||\u00bb global_colors_info=\u00bb{}\u00bb custom_padding__hover=\u00bb|||\u00bb][et_pb_wc_title _builder_version=\u00bb4.1&#8243; header_font_size_tablet=\u00bb\u00bb header_font_size_phone=\u00bb\u00bb header_font_size_last_edited=\u00bbon|phone\u00bb global_colors_info=\u00bb{}\u00bb][\/et_pb_wc_title][et_pb_wc_rating _builder_version=\u00bb3.0.47&#8243; global_colors_info=\u00bb{}\u00bb][\/et_pb_wc_rating][et_pb_wc_price _builder_version=\u00bb3.0.47&#8243; global_colors_info=\u00bb{}\u00bb][\/et_pb_wc_price][et_pb_wc_description _builder_version=\u00bb4.1&#8243; header_2_font_size_tablet=\u00bb\u00bb header_2_font_size_phone=\u00bb22px\u00bb header_2_font_size_last_edited=\u00bbon|phone\u00bb global_colors_info=\u00bb{}\u00bb][\/et_pb_wc_description][et_pb_wc_add_to_cart _builder_version=\u00bb3.0.47&#8243; global_colors_info=\u00bb{}\u00bb][\/et_pb_wc_add_to_cart][et_pb_wc_meta _builder_version=\u00bb3.0.47&#8243; global_colors_info=\u00bb{}\u00bb][\/et_pb_wc_meta][\/et_pb_column][\/et_pb_row][et_pb_row _builder_version=\u00bb4.6.3&#8243; _module_preset=\u00bbdefault\u00bb background_size=\u00bbinitial\u00bb background_position=\u00bbtop_left\u00bb background_repeat=\u00bbrepeat\u00bb width=\u00bb100%\u00bb global_colors_info=\u00bb{}\u00bb custom_margin__hover_enabled=\u00bbon|desktop\u00bb][et_pb_column type=\u00bb4_4&#8243; _builder_version=\u00bb4.6.3&#8243; _module_preset=\u00bbdefault\u00bb global_colors_info=\u00bb{}\u00bb][et_pb_code _builder_version=\u00bb4.9.11&#8243; _module_preset=\u00bbdefault\u00bb text_orientation=\u00bbcenter\u00bb hover_enabled=\u00bb0&#8243; global_colors_info=\u00bb{}\u00bb sticky_enabled=\u00bb0&#8243;]<iframe loading=\"lazy\" width=\"560\" height=\"315\" src=\"https:\/\/www.youtube.com\/embed\/JC8a45KNCKg\" title=\"YouTube video player\" frameborder=\"0\" allow=\"accelerometer; autoplay; clipboard-write; encrypted-media; gyroscope; picture-in-picture\" allowfullscreen><\/iframe>[\/et_pb_code][et_pb_text _builder_version=\u00bb4.9.11&#8243; _module_preset=\u00bbdefault\u00bb hover_enabled=\u00bb0&#8243; global_colors_info=\u00bb{}\u00bb sticky_enabled=\u00bb0&#8243;]<\/p>\n<h3><strong>\u00bfQui\u00e9nes son los compradores de PandoraStar?<\/strong><\/h3>\n<p>Principalmente los profesionales de la salud y del bienestar, pero tambi\u00e9n muchos particulares que lo utilizan con su familia y amigos.<\/p>\n<h3><strong>\u00bfCu\u00e1les son los efectos de PandoraStar?<\/strong><\/h3>\n<p>Al igual que con las l\u00e1mparas Lucia N\u00b003 Practitioner y Home Portal, la reducci\u00f3n del estr\u00e9s es el efecto m\u00e1s notable y recurrente entre los usuarios de la l\u00e1mpara PandoraStar.<br \/>Los otros efectos son los siguientes:<\/p>\n<ul>\n<li>Mejora del sue\u00f1o<\/li>\n<li>Mayor lucidez y capacidad de decisi\u00f3n<\/li>\n<li>Mayor capacidad para crear y mantener relaciones sociales con el entorno profesional y personal.<\/li>\n<li>Creatividad art\u00edstica o conceptual<\/li>\n<\/ul>\n<p>A menudo observamos los efectos de la \u00abactualizaci\u00f3n\u00bb del software neuronal que conducen a la desaparici\u00f3n de los s\u00edntomas, a veces de forma permanente: peque\u00f1os dolores, adicciones, etc.<\/p>\n<p>[\/et_pb_text][\/et_pb_column][\/et_pb_row][et_pb_row _builder_version=\u00bb4.1&#8243; background_size=\u00bbinitial\u00bb background_position=\u00bbtop_left\u00bb background_repeat=\u00bbrepeat\u00bb width=\u00bb100%\u00bb global_colors_info=\u00bb{}\u00bb custom_margin__hover_enabled=\u00bbon|desktop\u00bb][et_pb_column type=\u00bb4_4&#8243; _builder_version=\u00bb3.25&#8243; custom_padding=\u00bb|||\u00bb global_colors_info=\u00bb{}\u00bb custom_padding__hover=\u00bb|||\u00bb][et_pb_wc_tabs _builder_version=\u00bb%224.6.3%22&#8243; global_colors_info=\u00bb%22{}%22&#8243;] [\/et_pb_wc_tabs][et_pb_wc_upsells _builder_version=\u00bb%223.0.47%22&#8243; global_colors_info=\u00bb%22{}%22&#8243;][\/et_pb_wc_upsells][et_pb_wc_related_products _builder_version=\u00bb%223.0.47%22&#8243; title_font_size=\u00bb%2218px%22&#8243; product_title_text_align=\u00bb%22center%22&#8243; product_title_font_size=\u00bb%2218px%22&#8243; price_font=\u00bb%22|700|||||||%22&#8243; price_text_align=\u00bb%22center%22&#8243; price_text_color=\u00bb%22#4c2e6f%22&#8243; price_font_size=\u00bb%2216px%22&#8243; global_colors_info=\u00bb%22{}%22&#8243;][\/et_pb_wc_related_products][\/et_pb_column][\/et_pb_row][\/et_pb_section]<\/p>\n","protected":false},"excerpt":{"rendered":"<h2>Luz PandoraStar: tecnolog\u00eda de estimulaci\u00f3n fotoneurol\u00f3gica<\/h2>\n<p>La tecnolog\u00eda PandoraStar funciona a trav\u00e9s de una compleja sinfon\u00eda de luz blanca, que debe ser observada con los P\u00c1RPADOS CERRADOS. Aunque el aspecto \u00abrecreativo\u00bb es un efecto innegable, pero para nada es el \u00fanico resultado positivo. Estas tecnolog\u00edas fueron dise\u00f1adas seg\u00fan el principio de la estimulaci\u00f3n neuronal: aumentar la plasticidad y fluidez de los circuitos cerebrales, permitir la expresi\u00f3n de las facultades naturales latentes.<\/p>\n","protected":false},"featured_media":570,"comment_status":"open","ping_status":"closed","template":"","meta":{"_et_pb_use_builder":"on","_et_pb_old_content":"<h4><strong>Informaci\u00f3n importante<\/strong><\/h4>\r\nDesde principios de 2017 somos distribuidores internacionales de las l\u00e1mparas PandoraStar.\r\n\r\n<strong>ADVERTENCIA<\/strong>: Actualmente (en 2021) existen en Francia sitios de pseudo-reventa de PandoraStar no acreditados por el fabricante. VAJRA PRODUCTIONS (Marc AUBURN) es una empresa acreditada (Lucia - Roxiva - PandoraStar) con un n\u00famero de IVA: FR28 801 584 111 y un n\u00famero de importador FR80158411100034 dentro de la Comunidad Econ\u00f3mica Europea.","_et_gb_content_width":""},"product_brand":[],"product_cat":[30],"product_tag":[],"class_list":{"0":"post-600","1":"product","2":"type-product","3":"status-publish","4":"has-post-thumbnail","6":"product_cat-luz-hipnagogicas","8":"first","9":"instock","10":"shipping-taxable","11":"purchasable","12":"product-type-simple"},"yoast_head":"<!-- This site is optimized with the Yoast SEO plugin v27.0 - https:\/\/yoast.com\/product\/yoast-seo-wordpress\/ -->\n<title>Comprar la luz PandoraStar - L\u00e1mpara hipnag\u00f3gica - Lucialight.fr<\/title>\n<meta name=\"description\" content=\"Pandora Star es una luz de estimulaci\u00f3n fotoneurol\u00f3gica \u00bfCu\u00e1les son los efectos de esta l\u00e1mpara y cu\u00e1l es el precio de PandoraStar?\" \/>\n<meta name=\"robots\" content=\"index, follow, max-snippet:-1, max-image-preview:large, max-video-preview:-1\" \/>\n<link rel=\"canonical\" href=\"https:\/\/lucialight.fr\/es\/produit\/luz-hipnagogicas\/comprar-pandora-star-luz-hipnagogica\/\" \/>\n<meta property=\"og:locale\" content=\"es_ES\" \/>\n<meta property=\"og:type\" content=\"article\" \/>\n<meta property=\"og:title\" content=\"Comprar la luz PandoraStar - L\u00e1mpara hipnag\u00f3gica - Lucialight.fr\" \/>\n<meta property=\"og:description\" content=\"Pandora Star es una luz de estimulaci\u00f3n fotoneurol\u00f3gica \u00bfCu\u00e1les son los efectos de esta l\u00e1mpara y cu\u00e1l es el precio de PandoraStar?\" \/>\n<meta property=\"og:url\" content=\"https:\/\/lucialight.fr\/es\/produit\/luz-hipnagogicas\/comprar-pandora-star-luz-hipnagogica\/\" \/>\n<meta property=\"og:site_name\" content=\"Lampes hypnagogiques lucialight.fr\" \/>\n<meta property=\"article:modified_time\" content=\"2021-10-22T12:51:14+00:00\" \/>\n<meta property=\"og:image\" content=\"https:\/\/lucialight.fr\/wp-content\/uploads\/2020\/02\/acheter-la-lampe-hypnagogique-pandorastar.jpg\" \/>\n\t<meta property=\"og:image:width\" content=\"500\" \/>\n\t<meta property=\"og:image:height\" content=\"500\" \/>\n\t<meta property=\"og:image:type\" content=\"image\/jpeg\" \/>\n<meta name=\"twitter:card\" content=\"summary_large_image\" \/>\n<meta name=\"twitter:label1\" content=\"Tiempo de lectura\" \/>\n\t<meta name=\"twitter:data1\" content=\"3 minutos\" \/>\n<script type=\"application\/ld+json\" class=\"yoast-schema-graph\">{\"@context\":\"https:\/\/schema.org\",\"@graph\":[{\"@type\":\"WebPage\",\"@id\":\"https:\/\/lucialight.fr\/es\/produit\/luz-hipnagogicas\/comprar-pandora-star-luz-hipnagogica\/\",\"url\":\"https:\/\/lucialight.fr\/es\/produit\/luz-hipnagogicas\/comprar-pandora-star-luz-hipnagogica\/\",\"name\":\"Comprar la luz PandoraStar - L\u00e1mpara hipnag\u00f3gica - Lucialight.fr\",\"isPartOf\":{\"@id\":\"https:\/\/lucialight.fr\/es\/#website\"},\"primaryImageOfPage\":{\"@id\":\"https:\/\/lucialight.fr\/es\/produit\/luz-hipnagogicas\/comprar-pandora-star-luz-hipnagogica\/#primaryimage\"},\"image\":{\"@id\":\"https:\/\/lucialight.fr\/es\/produit\/luz-hipnagogicas\/comprar-pandora-star-luz-hipnagogica\/#primaryimage\"},\"thumbnailUrl\":\"https:\/\/lucialight.fr\/wp-content\/uploads\/2020\/02\/acheter-la-lampe-hypnagogique-pandorastar.jpg\",\"datePublished\":\"2021-10-22T10:55:45+00:00\",\"dateModified\":\"2021-10-22T12:51:14+00:00\",\"description\":\"Pandora Star es una luz de estimulaci\u00f3n fotoneurol\u00f3gica \u00bfCu\u00e1les son los efectos de esta l\u00e1mpara y cu\u00e1l es el precio de PandoraStar?\",\"breadcrumb\":{\"@id\":\"https:\/\/lucialight.fr\/es\/produit\/luz-hipnagogicas\/comprar-pandora-star-luz-hipnagogica\/#breadcrumb\"},\"inLanguage\":\"es\",\"potentialAction\":[{\"@type\":\"ReadAction\",\"target\":[\"https:\/\/lucialight.fr\/es\/produit\/luz-hipnagogicas\/comprar-pandora-star-luz-hipnagogica\/\"]}]},{\"@type\":\"ImageObject\",\"inLanguage\":\"es\",\"@id\":\"https:\/\/lucialight.fr\/es\/produit\/luz-hipnagogicas\/comprar-pandora-star-luz-hipnagogica\/#primaryimage\",\"url\":\"https:\/\/lucialight.fr\/wp-content\/uploads\/2020\/02\/acheter-la-lampe-hypnagogique-pandorastar.jpg\",\"contentUrl\":\"https:\/\/lucialight.fr\/wp-content\/uploads\/2020\/02\/acheter-la-lampe-hypnagogique-pandorastar.jpg\",\"width\":500,\"height\":500,\"caption\":\"prix de la lampe pandorastar\"},{\"@type\":\"BreadcrumbList\",\"@id\":\"https:\/\/lucialight.fr\/es\/produit\/luz-hipnagogicas\/comprar-pandora-star-luz-hipnagogica\/#breadcrumb\",\"itemListElement\":[{\"@type\":\"ListItem\",\"position\":1,\"name\":\"Accueil\",\"item\":\"https:\/\/lucialight.fr\/es\/\"},{\"@type\":\"ListItem\",\"position\":2,\"name\":\"Boutique\",\"item\":\"https:\/\/lucialight.fr\/es\/boutique\/\"},{\"@type\":\"ListItem\",\"position\":3,\"name\":\"Comprar la luz PandoraStar &#8211; L\u00e1mpara hipnag\u00f3gica\"}]},{\"@type\":\"WebSite\",\"@id\":\"https:\/\/lucialight.fr\/es\/#website\",\"url\":\"https:\/\/lucialight.fr\/es\/\",\"name\":\"Lampes hypnagogiques lucialight.fr\",\"description\":\"\",\"potentialAction\":[{\"@type\":\"SearchAction\",\"target\":{\"@type\":\"EntryPoint\",\"urlTemplate\":\"https:\/\/lucialight.fr\/es\/?s={search_term_string}\"},\"query-input\":{\"@type\":\"PropertyValueSpecification\",\"valueRequired\":true,\"valueName\":\"search_term_string\"}}],\"inLanguage\":\"es\"}]}<\/script>\n<!-- \/ Yoast SEO plugin. -->","yoast_head_json":{"title":"Comprar la luz PandoraStar - L\u00e1mpara hipnag\u00f3gica - Lucialight.fr","description":"Pandora Star es una luz de estimulaci\u00f3n fotoneurol\u00f3gica \u00bfCu\u00e1les son los efectos de esta l\u00e1mpara y cu\u00e1l es el precio de PandoraStar?","robots":{"index":"index","follow":"follow","max-snippet":"max-snippet:-1","max-image-preview":"max-image-preview:large","max-video-preview":"max-video-preview:-1"},"canonical":"https:\/\/lucialight.fr\/es\/produit\/luz-hipnagogicas\/comprar-pandora-star-luz-hipnagogica\/","og_locale":"es_ES","og_type":"article","og_title":"Comprar la luz PandoraStar - L\u00e1mpara hipnag\u00f3gica - Lucialight.fr","og_description":"Pandora Star es una luz de estimulaci\u00f3n fotoneurol\u00f3gica \u00bfCu\u00e1les son los efectos de esta l\u00e1mpara y cu\u00e1l es el precio de PandoraStar?","og_url":"https:\/\/lucialight.fr\/es\/produit\/luz-hipnagogicas\/comprar-pandora-star-luz-hipnagogica\/","og_site_name":"Lampes hypnagogiques lucialight.fr","article_modified_time":"2021-10-22T12:51:14+00:00","og_image":[{"width":500,"height":500,"url":"https:\/\/lucialight.fr\/wp-content\/uploads\/2020\/02\/acheter-la-lampe-hypnagogique-pandorastar.jpg","type":"image\/jpeg"}],"twitter_card":"summary_large_image","twitter_misc":{"Tiempo de lectura":"3 minutos"},"schema":{"@context":"https:\/\/schema.org","@graph":[{"@type":"WebPage","@id":"https:\/\/lucialight.fr\/es\/produit\/luz-hipnagogicas\/comprar-pandora-star-luz-hipnagogica\/","url":"https:\/\/lucialight.fr\/es\/produit\/luz-hipnagogicas\/comprar-pandora-star-luz-hipnagogica\/","name":"Comprar la luz PandoraStar - L\u00e1mpara hipnag\u00f3gica - Lucialight.fr","isPartOf":{"@id":"https:\/\/lucialight.fr\/es\/#website"},"primaryImageOfPage":{"@id":"https:\/\/lucialight.fr\/es\/produit\/luz-hipnagogicas\/comprar-pandora-star-luz-hipnagogica\/#primaryimage"},"image":{"@id":"https:\/\/lucialight.fr\/es\/produit\/luz-hipnagogicas\/comprar-pandora-star-luz-hipnagogica\/#primaryimage"},"thumbnailUrl":"https:\/\/lucialight.fr\/wp-content\/uploads\/2020\/02\/acheter-la-lampe-hypnagogique-pandorastar.jpg","datePublished":"2021-10-22T10:55:45+00:00","dateModified":"2021-10-22T12:51:14+00:00","description":"Pandora Star es una luz de estimulaci\u00f3n fotoneurol\u00f3gica \u00bfCu\u00e1les son los efectos de esta l\u00e1mpara y cu\u00e1l es el precio de PandoraStar?","breadcrumb":{"@id":"https:\/\/lucialight.fr\/es\/produit\/luz-hipnagogicas\/comprar-pandora-star-luz-hipnagogica\/#breadcrumb"},"inLanguage":"es","potentialAction":[{"@type":"ReadAction","target":["https:\/\/lucialight.fr\/es\/produit\/luz-hipnagogicas\/comprar-pandora-star-luz-hipnagogica\/"]}]},{"@type":"ImageObject","inLanguage":"es","@id":"https:\/\/lucialight.fr\/es\/produit\/luz-hipnagogicas\/comprar-pandora-star-luz-hipnagogica\/#primaryimage","url":"https:\/\/lucialight.fr\/wp-content\/uploads\/2020\/02\/acheter-la-lampe-hypnagogique-pandorastar.jpg","contentUrl":"https:\/\/lucialight.fr\/wp-content\/uploads\/2020\/02\/acheter-la-lampe-hypnagogique-pandorastar.jpg","width":500,"height":500,"caption":"prix de la lampe pandorastar"},{"@type":"BreadcrumbList","@id":"https:\/\/lucialight.fr\/es\/produit\/luz-hipnagogicas\/comprar-pandora-star-luz-hipnagogica\/#breadcrumb","itemListElement":[{"@type":"ListItem","position":1,"name":"Accueil","item":"https:\/\/lucialight.fr\/es\/"},{"@type":"ListItem","position":2,"name":"Boutique","item":"https:\/\/lucialight.fr\/es\/boutique\/"},{"@type":"ListItem","position":3,"name":"Comprar la luz PandoraStar &#8211; L\u00e1mpara hipnag\u00f3gica"}]},{"@type":"WebSite","@id":"https:\/\/lucialight.fr\/es\/#website","url":"https:\/\/lucialight.fr\/es\/","name":"Lampes hypnagogiques lucialight.fr","description":"","potentialAction":[{"@type":"SearchAction","target":{"@type":"EntryPoint","urlTemplate":"https:\/\/lucialight.fr\/es\/?s={search_term_string}"},"query-input":{"@type":"PropertyValueSpecification","valueRequired":true,"valueName":"search_term_string"}}],"inLanguage":"es"}]}},"_links":{"self":[{"href":"https:\/\/lucialight.fr\/es\/wp-json\/wp\/v2\/product\/600","targetHints":{"allow":["GET"]}}],"collection":[{"href":"https:\/\/lucialight.fr\/es\/wp-json\/wp\/v2\/product"}],"about":[{"href":"https:\/\/lucialight.fr\/es\/wp-json\/wp\/v2\/types\/product"}],"replies":[{"embeddable":true,"href":"https:\/\/lucialight.fr\/es\/wp-json\/wp\/v2\/comments?post=600"}],"wp:featuredmedia":[{"embeddable":true,"href":"https:\/\/lucialight.fr\/es\/wp-json\/wp\/v2\/media\/570"}],"wp:attachment":[{"href":"https:\/\/lucialight.fr\/es\/wp-json\/wp\/v2\/media?parent=600"}],"wp:term":[{"taxonomy":"product_brand","embeddable":true,"href":"https:\/\/lucialight.fr\/es\/wp-json\/wp\/v2\/product_brand?post=600"},{"taxonomy":"product_cat","embeddable":true,"href":"https:\/\/lucialight.fr\/es\/wp-json\/wp\/v2\/product_cat?post=600"},{"taxonomy":"product_tag","embeddable":true,"href":"https:\/\/lucialight.fr\/es\/wp-json\/wp\/v2\/product_tag?post=600"}],"curies":[{"name":"wp","href":"https:\/\/api.w.org\/{rel}","templated":true}]}}