{"id":599,"date":"2020-01-24T09:01:34","date_gmt":"2021-10-22T10:52:41","guid":{"rendered":"https:\/\/lucialight.fr\/produit\/sin%20categor\u00eda\/acheter-la-lampe-lucia-n03-lampe-hypnagogique-pro\/"},"modified":"2021-10-22T16:31:57","modified_gmt":"2021-10-22T14:31:57","slug":"comprar-la-luz-lucia-n3","status":"publish","type":"product","link":"https:\/\/lucialight.fr\/es\/produit\/luz-hipnagogicas\/comprar-la-luz-lucia-n3\/","title":{"rendered":"Comprar la luz Lucia N\u00b003 &#8211; L\u00e1mpara hipnag\u00f3gica PRO"},"content":{"rendered":"<p>[et_pb_section fb_built=\u00bb1&#8243; _builder_version=\u00bb3.22&#8243; custom_padding=\u00bb0px||||false|false\u00bb global_colors_info=\u00bb{}\u00bb][et_pb_row _builder_version=\u00bb3.25&#8243; background_size=\u00bbinitial\u00bb background_position=\u00bbtop_left\u00bb background_repeat=\u00bbrepeat\u00bb width=\u00bb100%\u00bb custom_padding=\u00bb0px||0px||false|false\u00bb global_colors_info=\u00bb{}\u00bb][et_pb_column type=\u00bb4_4&#8243; _builder_version=\u00bb3.25&#8243; custom_padding=\u00bb|||\u00bb global_colors_info=\u00bb{}\u00bb custom_padding__hover=\u00bb|||\u00bb][et_pb_wc_breadcrumb _builder_version=\u00bb%223.0.47%22&#8243; global_colors_info=\u00bb%22{}%22&#8243;][\/et_pb_wc_breadcrumb][et_pb_wc_cart_notice _builder_version=\u00bb%223.0.47%22&#8243; global_colors_info=\u00bb%22{}%22&#8243;][\/et_pb_wc_cart_notice][\/et_pb_column][\/et_pb_row][et_pb_row column_structure=\u00bb1_2,1_2&#8243; _builder_version=\u00bb3.25&#8243; background_size=\u00bbinitial\u00bb background_position=\u00bbtop_left\u00bb background_repeat=\u00bbrepeat\u00bb width=\u00bb100%\u00bb custom_padding=\u00bb0px||||false|false\u00bb global_colors_info=\u00bb{}\u00bb][et_pb_column type=\u00bb1_2&#8243; _builder_version=\u00bb3.25&#8243; custom_padding=\u00bb|||\u00bb global_colors_info=\u00bb{}\u00bb custom_padding__hover=\u00bb|||\u00bb][et_pb_wc_images _builder_version=\u00bb%223.0.47%22&#8243; global_colors_info=\u00bb%22{}%22&#8243;][\/et_pb_wc_images][\/et_pb_column][et_pb_column type=\u00bb1_2&#8243; _builder_version=\u00bb3.25&#8243; custom_padding=\u00bb|||\u00bb global_colors_info=\u00bb{}\u00bb custom_padding__hover=\u00bb|||\u00bb][et_pb_wc_title _builder_version=\u00bb4.1&#8243; header_font_size_tablet=\u00bb\u00bb header_font_size_phone=\u00bb\u00bb header_font_size_last_edited=\u00bbon|phone\u00bb global_colors_info=\u00bb{}\u00bb][\/et_pb_wc_title][et_pb_wc_rating _builder_version=\u00bb3.0.47&#8243; global_colors_info=\u00bb{}\u00bb][\/et_pb_wc_rating][et_pb_wc_price _builder_version=\u00bb3.0.47&#8243; global_colors_info=\u00bb{}\u00bb][\/et_pb_wc_price][et_pb_wc_description _builder_version=\u00bb4.1&#8243; header_2_font_size_tablet=\u00bb\u00bb header_2_font_size_phone=\u00bb22px\u00bb header_2_font_size_last_edited=\u00bbon|phone\u00bb global_colors_info=\u00bb{}\u00bb][\/et_pb_wc_description][et_pb_wc_add_to_cart _builder_version=\u00bb3.0.47&#8243; global_colors_info=\u00bb{}\u00bb][\/et_pb_wc_add_to_cart][et_pb_wc_meta _builder_version=\u00bb3.0.47&#8243; global_colors_info=\u00bb{}\u00bb][\/et_pb_wc_meta][et_pb_video src=\u00bbhttps:\/\/www.youtube.com\/watch?v=COzFuJtRe_Q\u00bb _builder_version=\u00bb4.1&#8243; global_colors_info=\u00bb{}\u00bb][\/et_pb_video][\/et_pb_column][\/et_pb_row][et_pb_row column_structure=\u00bb1_2,1_2&#8243; _builder_version=\u00bb4.1&#8243; background_size=\u00bbinitial\u00bb background_position=\u00bbtop_left\u00bb background_repeat=\u00bbrepeat\u00bb width=\u00bb100%\u00bb global_colors_info=\u00bb{}\u00bb custom_margin__hover_enabled=\u00bbon|desktop\u00bb][et_pb_column type=\u00bb1_2&#8243; _builder_version=\u00bb4.1&#8243; global_colors_info=\u00bb{}\u00bb][et_pb_text _builder_version=\u00bb4.9.11&#8243; hover_enabled=\u00bb0&#8243; locked=\u00bboff\u00bb global_colors_info=\u00bb{}\u00bb sticky_enabled=\u00bb0&#8243;]<\/p>\n<h3><strong>Lucia N\u00b003 &#8211; la l\u00e1mpara para profesionales y aficionados exigentes<\/strong><\/h3>\n<p>Utilizada por hipnoterapeutas, sofr\u00f3logos, psic\u00f3logos y psiquiatras, terapeutas energ\u00e9ticos y todas las formas de medicina alternativa y convencional, Lucia N\u00b003 abre nuevas perspectivas en la pr\u00e1ctica diaria.<\/p>\n<p>Por ejemplo, en hipnoterapia, la fase de inducci\u00f3n puede sustituirse completamente por 5 o 10 minutos de luz Lucia N\u00b003.<\/p>\n<p>Lucia N\u00b003 refuerza la acci\u00f3n de los m\u00e9todos y tecnolog\u00edas ya utilizados por el profesional y tambi\u00e9n abre nuevas perspectivas en la terapia pura.<\/p>\n<p>La neuroestimulaci\u00f3n aumentar\u00e1 el rendimiento neuronal al potenciar las neuronas ya activas, pero tambi\u00e9n al despertar las neuronas latentes. El efecto de \u00abactualizaci\u00f3n\u00bb en el cerebro produce efectos visibles en el comportamiento y el estado de \u00e1nimo del paciente.<br \/>nes en sommeil. L&#8217;effet &#8216;<em>remise \u00e0 jour<\/em>&#8216; sur le cerveau produit des effets visibles sur le comportement et l&#8217;humeur de la patient\u00e8le.<\/p>\n<h3><strong>Lo que justifica su precio <\/strong><\/h3>\n<p>Actualmente la tecnolog\u00eda m\u00e1s avanzada de neuroestimulaci\u00f3n (y terapia de luz) Lucia N\u00ba 03 est\u00e1 producida en series muy peque\u00f1as en Austria, utilizando s\u00f3lo piezas y componentes electr\u00f3nicos de la m\u00e1s alta calidad.<\/p>\n<p>El primer salto tecnol\u00f3gico del siglo XXI en el campo de la luminoestimulaci\u00f3n, Lucia n\u00ba 03 sigue siendo un modelo para todas las tecnolog\u00edas similares que le han seguido. A nivel t\u00e9cnico, es inigualable y se fabrica en Austria en series muy limitadas.<\/p>\n<p><strong>La amortizaci\u00f3n suele producirse en el primer a\u00f1o.<\/strong><\/p>\n<h3><strong>Garant\u00eda<\/strong><\/h3>\n<p><strong>La garant\u00eda es de 2 a\u00f1os con un servicio postventa<\/strong><\/p>\n<p>[\/et_pb_text][\/et_pb_column][et_pb_column type=\u00bb1_2&#8243; _builder_version=\u00bb4.1&#8243; global_colors_info=\u00bb{}\u00bb][et_pb_text _builder_version=\u00bb4.9.11&#8243; hover_enabled=\u00bb0&#8243; locked=\u00bboff\u00bb global_colors_info=\u00bb{}\u00bb sticky_enabled=\u00bb0&#8243;]<\/p>\n<h3><strong>Curso de una sesi\u00f3n de Lucia N\u00b003<\/strong><\/h3>\n<p><strong>Para el profesional de la salud,<\/strong> se trata en primer lugar de dar una explicaci\u00f3n concisa a su interlocutor. Lucia N\u00b003 es un neuroestimulador que env\u00eda luz blanca, que el paciente recibe con los ojos cerrados. La atenci\u00f3n se centra en los siguientes puntos:<\/p>\n<ol>\n<li>Toda la sesi\u00f3n se desarrolla con una sensaci\u00f3n de comodidad y facilidad.<\/li>\n<li>En cualquier momento, el paciente puede terminar la sesi\u00f3n o controlar los efectos alej\u00e1ndose de la fuente de luz o filtrando con los dedos extendidos delante de sus ojos.<\/li>\n<li>Las personas sujetas a s\u00edndromes epil\u00e9pticos o con antecedentes de intolerancia a la luz no deben utilizar Luc\u00eda n\u00ba 03.<\/li>\n<li>Como medida de precauci\u00f3n, todas las personas que padezcan enfermedades graves o tomen medicamentos fuertes, las mujeres embarazadas y los ni\u00f1os muy peque\u00f1os no deben utilizar Luc\u00eda n\u00ba 03 sin el consentimiento previo de un m\u00e9dico.<\/li>\n<\/ol>\n<p><strong>Sesi\u00f3n de PRUEBA<\/strong>: debe utilizarse sistem\u00e1ticamente la primera vez para cada persona. Durante las siguientes sesiones, la sesi\u00f3n de PRUEBA ya no es \u00fatil.<\/p>\n<p>La prueba dura unos 5 minutos y permite que el sistema neuronal se acostumbre gradualmente a la estimulaci\u00f3n fot\u00f3nica; el profesional est\u00e1 presente y ajusta la intensidad de Lucia N\u00b003 en funci\u00f3n de la respuesta del paciente.<\/p>\n<p>Tras esta prueba, un r\u00e1pido informe permite al profesional evaluar la respuesta neural del sujeto de la prueba.<\/p>\n<p><strong>La sesi\u00f3n en s\u00ed <\/strong>dura unos 30 minutos durante los cuales la reproducci\u00f3n de m\u00fasica relajante aumentar\u00e1 la profundidad de la experiencia.<\/p>\n<p><strong>Despu\u00e9s de la sesi\u00f3n<\/strong>, si el paciente lo desea, puede contarle al profesional sus sensaciones y todos los acontecimientos ocurridos durante la experiencia.<\/p>\n<p>El profesional informa al cliente de que pueden producirse efectos significativos en las horas siguientes o incluso d\u00edas despu\u00e9s de la sesi\u00f3n, y en este caso, el profesional debe estar disponible para escuchar despu\u00e9s del d\u00eda de la sesi\u00f3n.<\/p>\n<p>[\/et_pb_text][\/et_pb_column][\/et_pb_row][et_pb_row _builder_version=\u00bb4.1&#8243; background_size=\u00bbinitial\u00bb background_position=\u00bbtop_left\u00bb background_repeat=\u00bbrepeat\u00bb width=\u00bb100%\u00bb global_colors_info=\u00bb{}\u00bb custom_margin__hover_enabled=\u00bbon|desktop\u00bb][et_pb_column type=\u00bb4_4&#8243; _builder_version=\u00bb3.25&#8243; custom_padding=\u00bb|||\u00bb global_colors_info=\u00bb{}\u00bb custom_padding__hover=\u00bb|||\u00bb][et_pb_wc_tabs _builder_version=\u00bb%223.0.47%22&#8243; global_colors_info=\u00bb%22{}%22&#8243;]\t\t\t\t\t[\/et_pb_wc_tabs][et_pb_wc_upsells _builder_version=\u00bb%223.0.47%22&#8243; global_colors_info=\u00bb%22{}%22&#8243;][\/et_pb_wc_upsells][et_pb_wc_related_products _builder_version=\u00bb%223.0.47%22&#8243; title_font_size=\u00bb%2218px%22&#8243; product_title_text_align=\u00bb%22center%22&#8243; product_title_font_size=\u00bb%2218px%22&#8243; price_font=\u00bb%22|700|||||||%22&#8243; price_text_align=\u00bb%22center%22&#8243; price_text_color=\u00bb%22#4c2e6f%22&#8243; price_font_size=\u00bb%2216px%22&#8243; global_colors_info=\u00bb%22{}%22&#8243;][\/et_pb_wc_related_products][\/et_pb_column][\/et_pb_row][\/et_pb_section]<\/p>\n","protected":false},"excerpt":{"rendered":"<h2>Tecnolog\u00eda de estimulaci\u00f3n fotoneurol\u00f3gica para profesionales de la salud y terapeutas<\/h2>\n<p>La l\u00e1mpara hal\u00f3gena central produce una luz de amplio espectro que evoca el sol y abre el sistema energ\u00e9tico, sumiendo al <em>lucianauta<\/em> (usuario de la luz Lucia n\u00ba 03) en una profunda relajaci\u00f3n e invit\u00e1ndole a un viaje interior.<\/p>\n","protected":false},"featured_media":540,"comment_status":"open","ping_status":"closed","template":"","meta":{"_et_pb_use_builder":"on","_et_pb_old_content":"Diversos experimentos cient\u00edficos han demostrado que la luz es un vector de comunicaci\u00f3n entre las c\u00e9lulas de un mismo cuerpo, pero tambi\u00e9n entre diferentes especies de plantas, por ejemplo. La biofot\u00f3nica es un campo de la ciencia que estudia estos fen\u00f3menos.\r\n\r\nEl hal\u00f3geno central de amplio espectro, combinado con los LED, produce una luz compleja comparable a una partitura musical. Esta luz entra en el cuerpo con los p\u00e1rpados cerrados, el nervio \u00f3ptico lleva esta informaci\u00f3n al centro del cerebro (donde se encuentra, por ejemplo, la gl\u00e1ndula pineal) y se extiende as\u00ed por todo el cuerpo en forma de informaci\u00f3n neuronal.\r\n\r\nLa L\u00e1mpara Lucia N\u00b003 activa todo el sistema energ\u00e9tico y celular liberando los bloqueos y las emociones y traumas relacionados, y desbloqueando todas las formas de energ\u00eda estancada. Por eso la L\u00e1mpara Lucia N\u00b003 es muy eficaz para los terapeutas energ\u00e9ticos y los practicantes de la medicina alternativa y de las actividades \"intuitivas\".","_et_gb_content_width":""},"product_brand":[],"product_cat":[30,31],"product_tag":[],"class_list":{"0":"post-599","1":"product","2":"type-product","3":"status-publish","4":"has-post-thumbnail","6":"product_cat-luz-hipnagogicas","7":"product_cat-luz-lucia-n3","9":"first","10":"instock","11":"shipping-taxable","12":"purchasable","13":"product-type-simple"},"yoast_head":"<!-- This site is optimized with the Yoast SEO plugin v27.0 - https:\/\/yoast.com\/product\/yoast-seo-wordpress\/ -->\n<title>Comprar la luz LUCIA N3 - l\u00e1mparas hipnag\u00f3gica &amp; fototerapia<\/title>\n<meta name=\"description\" content=\"Lucia N3 es una luz de estimulaci\u00f3n fotoneurol\u00f3gica \u00bfCu\u00e1les son los efectos de esta l\u00e1mpara y cu\u00e1l es el precio de Lucia N\u00b003?\" \/>\n<meta name=\"robots\" content=\"index, follow, max-snippet:-1, max-image-preview:large, max-video-preview:-1\" \/>\n<link rel=\"canonical\" href=\"https:\/\/lucialight.fr\/es\/produit\/luz-hipnagogicas\/comprar-la-luz-lucia-n3\/\" \/>\n<meta property=\"og:locale\" content=\"es_ES\" \/>\n<meta property=\"og:type\" content=\"article\" \/>\n<meta property=\"og:title\" content=\"Comprar la luz LUCIA N3 - l\u00e1mparas hipnag\u00f3gica &amp; fototerapia\" \/>\n<meta property=\"og:description\" content=\"Lucia N3 es una luz de estimulaci\u00f3n fotoneurol\u00f3gica \u00bfCu\u00e1les son los efectos de esta l\u00e1mpara y cu\u00e1l es el precio de Lucia N\u00b003?\" \/>\n<meta property=\"og:url\" content=\"https:\/\/lucialight.fr\/es\/produit\/luz-hipnagogicas\/comprar-la-luz-lucia-n3\/\" \/>\n<meta property=\"og:site_name\" content=\"Lampes hypnagogiques lucialight.fr\" \/>\n<meta property=\"article:modified_time\" content=\"2021-10-22T14:31:57+00:00\" \/>\n<meta property=\"og:image\" content=\"https:\/\/lucialight.fr\/wp-content\/uploads\/2020\/01\/achat-lumiere-lucia-n3-france.jpg\" \/>\n\t<meta property=\"og:image:width\" content=\"500\" \/>\n\t<meta property=\"og:image:height\" content=\"675\" \/>\n\t<meta property=\"og:image:type\" content=\"image\/jpeg\" \/>\n<meta name=\"twitter:card\" content=\"summary_large_image\" \/>\n<meta name=\"twitter:label1\" content=\"Tiempo de lectura\" \/>\n\t<meta name=\"twitter:data1\" content=\"6 minutos\" \/>\n<script type=\"application\/ld+json\" class=\"yoast-schema-graph\">{\"@context\":\"https:\/\/schema.org\",\"@graph\":[{\"@type\":\"WebPage\",\"@id\":\"https:\/\/lucialight.fr\/es\/produit\/luz-hipnagogicas\/comprar-la-luz-lucia-n3\/\",\"url\":\"https:\/\/lucialight.fr\/es\/produit\/luz-hipnagogicas\/comprar-la-luz-lucia-n3\/\",\"name\":\"Comprar la luz LUCIA N3 - l\u00e1mparas hipnag\u00f3gica & fototerapia\",\"isPartOf\":{\"@id\":\"https:\/\/lucialight.fr\/es\/#website\"},\"primaryImageOfPage\":{\"@id\":\"https:\/\/lucialight.fr\/es\/produit\/luz-hipnagogicas\/comprar-la-luz-lucia-n3\/#primaryimage\"},\"image\":{\"@id\":\"https:\/\/lucialight.fr\/es\/produit\/luz-hipnagogicas\/comprar-la-luz-lucia-n3\/#primaryimage\"},\"thumbnailUrl\":\"https:\/\/lucialight.fr\/wp-content\/uploads\/2020\/01\/achat-lumiere-lucia-n3-france.jpg\",\"datePublished\":\"2021-10-22T10:52:41+00:00\",\"dateModified\":\"2021-10-22T14:31:57+00:00\",\"description\":\"Lucia N3 es una luz de estimulaci\u00f3n fotoneurol\u00f3gica \u00bfCu\u00e1les son los efectos de esta l\u00e1mpara y cu\u00e1l es el precio de Lucia N\u00b003?\",\"breadcrumb\":{\"@id\":\"https:\/\/lucialight.fr\/es\/produit\/luz-hipnagogicas\/comprar-la-luz-lucia-n3\/#breadcrumb\"},\"inLanguage\":\"es\",\"potentialAction\":[{\"@type\":\"ReadAction\",\"target\":[\"https:\/\/lucialight.fr\/es\/produit\/luz-hipnagogicas\/comprar-la-luz-lucia-n3\/\"]}]},{\"@type\":\"ImageObject\",\"inLanguage\":\"es\",\"@id\":\"https:\/\/lucialight.fr\/es\/produit\/luz-hipnagogicas\/comprar-la-luz-lucia-n3\/#primaryimage\",\"url\":\"https:\/\/lucialight.fr\/wp-content\/uploads\/2020\/01\/achat-lumiere-lucia-n3-france.jpg\",\"contentUrl\":\"https:\/\/lucialight.fr\/wp-content\/uploads\/2020\/01\/achat-lumiere-lucia-n3-france.jpg\",\"width\":500,\"height\":675},{\"@type\":\"BreadcrumbList\",\"@id\":\"https:\/\/lucialight.fr\/es\/produit\/luz-hipnagogicas\/comprar-la-luz-lucia-n3\/#breadcrumb\",\"itemListElement\":[{\"@type\":\"ListItem\",\"position\":1,\"name\":\"Accueil\",\"item\":\"https:\/\/lucialight.fr\/es\/\"},{\"@type\":\"ListItem\",\"position\":2,\"name\":\"Boutique\",\"item\":\"https:\/\/lucialight.fr\/es\/boutique\/\"},{\"@type\":\"ListItem\",\"position\":3,\"name\":\"Comprar la luz Lucia N\u00b003 &#8211; L\u00e1mpara hipnag\u00f3gica PRO\"}]},{\"@type\":\"WebSite\",\"@id\":\"https:\/\/lucialight.fr\/es\/#website\",\"url\":\"https:\/\/lucialight.fr\/es\/\",\"name\":\"Lampes hypnagogiques lucialight.fr\",\"description\":\"\",\"potentialAction\":[{\"@type\":\"SearchAction\",\"target\":{\"@type\":\"EntryPoint\",\"urlTemplate\":\"https:\/\/lucialight.fr\/es\/?s={search_term_string}\"},\"query-input\":{\"@type\":\"PropertyValueSpecification\",\"valueRequired\":true,\"valueName\":\"search_term_string\"}}],\"inLanguage\":\"es\"}]}<\/script>\n<!-- \/ Yoast SEO plugin. -->","yoast_head_json":{"title":"Comprar la luz LUCIA N3 - l\u00e1mparas hipnag\u00f3gica & fototerapia","description":"Lucia N3 es una luz de estimulaci\u00f3n fotoneurol\u00f3gica \u00bfCu\u00e1les son los efectos de esta l\u00e1mpara y cu\u00e1l es el precio de Lucia N\u00b003?","robots":{"index":"index","follow":"follow","max-snippet":"max-snippet:-1","max-image-preview":"max-image-preview:large","max-video-preview":"max-video-preview:-1"},"canonical":"https:\/\/lucialight.fr\/es\/produit\/luz-hipnagogicas\/comprar-la-luz-lucia-n3\/","og_locale":"es_ES","og_type":"article","og_title":"Comprar la luz LUCIA N3 - l\u00e1mparas hipnag\u00f3gica & fototerapia","og_description":"Lucia N3 es una luz de estimulaci\u00f3n fotoneurol\u00f3gica \u00bfCu\u00e1les son los efectos de esta l\u00e1mpara y cu\u00e1l es el precio de Lucia N\u00b003?","og_url":"https:\/\/lucialight.fr\/es\/produit\/luz-hipnagogicas\/comprar-la-luz-lucia-n3\/","og_site_name":"Lampes hypnagogiques lucialight.fr","article_modified_time":"2021-10-22T14:31:57+00:00","og_image":[{"width":500,"height":675,"url":"https:\/\/lucialight.fr\/wp-content\/uploads\/2020\/01\/achat-lumiere-lucia-n3-france.jpg","type":"image\/jpeg"}],"twitter_card":"summary_large_image","twitter_misc":{"Tiempo de lectura":"6 minutos"},"schema":{"@context":"https:\/\/schema.org","@graph":[{"@type":"WebPage","@id":"https:\/\/lucialight.fr\/es\/produit\/luz-hipnagogicas\/comprar-la-luz-lucia-n3\/","url":"https:\/\/lucialight.fr\/es\/produit\/luz-hipnagogicas\/comprar-la-luz-lucia-n3\/","name":"Comprar la luz LUCIA N3 - l\u00e1mparas hipnag\u00f3gica & fototerapia","isPartOf":{"@id":"https:\/\/lucialight.fr\/es\/#website"},"primaryImageOfPage":{"@id":"https:\/\/lucialight.fr\/es\/produit\/luz-hipnagogicas\/comprar-la-luz-lucia-n3\/#primaryimage"},"image":{"@id":"https:\/\/lucialight.fr\/es\/produit\/luz-hipnagogicas\/comprar-la-luz-lucia-n3\/#primaryimage"},"thumbnailUrl":"https:\/\/lucialight.fr\/wp-content\/uploads\/2020\/01\/achat-lumiere-lucia-n3-france.jpg","datePublished":"2021-10-22T10:52:41+00:00","dateModified":"2021-10-22T14:31:57+00:00","description":"Lucia N3 es una luz de estimulaci\u00f3n fotoneurol\u00f3gica \u00bfCu\u00e1les son los efectos de esta l\u00e1mpara y cu\u00e1l es el precio de Lucia N\u00b003?","breadcrumb":{"@id":"https:\/\/lucialight.fr\/es\/produit\/luz-hipnagogicas\/comprar-la-luz-lucia-n3\/#breadcrumb"},"inLanguage":"es","potentialAction":[{"@type":"ReadAction","target":["https:\/\/lucialight.fr\/es\/produit\/luz-hipnagogicas\/comprar-la-luz-lucia-n3\/"]}]},{"@type":"ImageObject","inLanguage":"es","@id":"https:\/\/lucialight.fr\/es\/produit\/luz-hipnagogicas\/comprar-la-luz-lucia-n3\/#primaryimage","url":"https:\/\/lucialight.fr\/wp-content\/uploads\/2020\/01\/achat-lumiere-lucia-n3-france.jpg","contentUrl":"https:\/\/lucialight.fr\/wp-content\/uploads\/2020\/01\/achat-lumiere-lucia-n3-france.jpg","width":500,"height":675},{"@type":"BreadcrumbList","@id":"https:\/\/lucialight.fr\/es\/produit\/luz-hipnagogicas\/comprar-la-luz-lucia-n3\/#breadcrumb","itemListElement":[{"@type":"ListItem","position":1,"name":"Accueil","item":"https:\/\/lucialight.fr\/es\/"},{"@type":"ListItem","position":2,"name":"Boutique","item":"https:\/\/lucialight.fr\/es\/boutique\/"},{"@type":"ListItem","position":3,"name":"Comprar la luz Lucia N\u00b003 &#8211; L\u00e1mpara hipnag\u00f3gica PRO"}]},{"@type":"WebSite","@id":"https:\/\/lucialight.fr\/es\/#website","url":"https:\/\/lucialight.fr\/es\/","name":"Lampes hypnagogiques lucialight.fr","description":"","potentialAction":[{"@type":"SearchAction","target":{"@type":"EntryPoint","urlTemplate":"https:\/\/lucialight.fr\/es\/?s={search_term_string}"},"query-input":{"@type":"PropertyValueSpecification","valueRequired":true,"valueName":"search_term_string"}}],"inLanguage":"es"}]}},"_links":{"self":[{"href":"https:\/\/lucialight.fr\/es\/wp-json\/wp\/v2\/product\/599","targetHints":{"allow":["GET"]}}],"collection":[{"href":"https:\/\/lucialight.fr\/es\/wp-json\/wp\/v2\/product"}],"about":[{"href":"https:\/\/lucialight.fr\/es\/wp-json\/wp\/v2\/types\/product"}],"replies":[{"embeddable":true,"href":"https:\/\/lucialight.fr\/es\/wp-json\/wp\/v2\/comments?post=599"}],"wp:featuredmedia":[{"embeddable":true,"href":"https:\/\/lucialight.fr\/es\/wp-json\/wp\/v2\/media\/540"}],"wp:attachment":[{"href":"https:\/\/lucialight.fr\/es\/wp-json\/wp\/v2\/media?parent=599"}],"wp:term":[{"taxonomy":"product_brand","embeddable":true,"href":"https:\/\/lucialight.fr\/es\/wp-json\/wp\/v2\/product_brand?post=599"},{"taxonomy":"product_cat","embeddable":true,"href":"https:\/\/lucialight.fr\/es\/wp-json\/wp\/v2\/product_cat?post=599"},{"taxonomy":"product_tag","embeddable":true,"href":"https:\/\/lucialight.fr\/es\/wp-json\/wp\/v2\/product_tag?post=599"}],"curies":[{"name":"wp","href":"https:\/\/api.w.org\/{rel}","templated":true}]}}