{"id":598,"date":"2020-01-15T07:56:48","date_gmt":"2021-10-22T10:52:04","guid":{"rendered":"https:\/\/lucialight.fr\/produit\/sin%20categor\u00eda\/acheter-la-lampe-lucia-n03-home-portal\/"},"modified":"2022-09-10T04:49:34","modified_gmt":"2022-09-10T02:49:34","slug":"comprar-lucia-n03-home-portal","status":"publish","type":"product","link":"https:\/\/lucialight.fr\/es\/produit\/luz-hipnagogicas\/comprar-lucia-n03-home-portal\/","title":{"rendered":"Comprar la luz Lucia N\u00b003 Home portal"},"content":{"rendered":"<p>[et_pb_section fb_built=\u00bb1&#8243; _builder_version=\u00bb3.22&#8243; custom_padding=\u00bb0px||||false|false\u00bb global_colors_info=\u00bb{}\u00bb][et_pb_row _builder_version=\u00bb3.25&#8243; background_size=\u00bbinitial\u00bb background_position=\u00bbtop_left\u00bb background_repeat=\u00bbrepeat\u00bb width=\u00bb100%\u00bb custom_padding=\u00bb0px||0px||false|false\u00bb global_colors_info=\u00bb{}\u00bb][et_pb_column type=\u00bb4_4&#8243; _builder_version=\u00bb3.25&#8243; custom_padding=\u00bb|||\u00bb global_colors_info=\u00bb{}\u00bb custom_padding__hover=\u00bb|||\u00bb][et_pb_wc_breadcrumb _builder_version=\u00bb%223.0.47%22&#8243; global_colors_info=\u00bb%22{}%22&#8243;][\/et_pb_wc_breadcrumb][et_pb_wc_cart_notice _builder_version=\u00bb%223.0.47%22&#8243; global_colors_info=\u00bb%22{}%22&#8243;][\/et_pb_wc_cart_notice][\/et_pb_column][\/et_pb_row][et_pb_row column_structure=\u00bb1_2,1_2&#8243; _builder_version=\u00bb3.25&#8243; background_size=\u00bbinitial\u00bb background_position=\u00bbtop_left\u00bb background_repeat=\u00bbrepeat\u00bb width=\u00bb100%\u00bb custom_padding=\u00bb0px||||false|false\u00bb global_colors_info=\u00bb{}\u00bb][et_pb_column type=\u00bb1_2&#8243; _builder_version=\u00bb3.25&#8243; custom_padding=\u00bb|||\u00bb global_colors_info=\u00bb{}\u00bb custom_padding__hover=\u00bb|||\u00bb][et_pb_wc_images _builder_version=\u00bb%223.0.47%22&#8243; global_colors_info=\u00bb%22{}%22&#8243;][\/et_pb_wc_images][\/et_pb_column][et_pb_column type=\u00bb1_2&#8243; _builder_version=\u00bb3.25&#8243; custom_padding=\u00bb|||\u00bb global_colors_info=\u00bb{}\u00bb custom_padding__hover=\u00bb|||\u00bb][et_pb_wc_title _builder_version=\u00bb4.1&#8243; header_font_size_tablet=\u00bb\u00bb header_font_size_phone=\u00bb\u00bb header_font_size_last_edited=\u00bbon|phone\u00bb global_colors_info=\u00bb{}\u00bb][\/et_pb_wc_title][et_pb_wc_rating _builder_version=\u00bb3.0.47&#8243; global_colors_info=\u00bb{}\u00bb][\/et_pb_wc_rating][et_pb_wc_price _builder_version=\u00bb3.0.47&#8243; global_colors_info=\u00bb{}\u00bb][\/et_pb_wc_price][et_pb_wc_description _builder_version=\u00bb4.6.3&#8243; header_2_font_size_tablet=\u00bb\u00bb header_2_font_size_phone=\u00bb22px\u00bb header_2_font_size_last_edited=\u00bbon|phone\u00bb global_colors_info=\u00bb{}\u00bb][\/et_pb_wc_description][et_pb_wc_add_to_cart _builder_version=\u00bb3.0.47&#8243; global_colors_info=\u00bb{}\u00bb][\/et_pb_wc_add_to_cart][et_pb_wc_meta _builder_version=\u00bb3.0.47&#8243; global_colors_info=\u00bb{}\u00bb][\/et_pb_wc_meta][\/et_pb_column][\/et_pb_row][et_pb_row _builder_version=\u00bb4.9.11&#8243; _module_preset=\u00bbdefault\u00bb background_size=\u00bbinitial\u00bb background_position=\u00bbtop_left\u00bb background_repeat=\u00bbrepeat\u00bb width=\u00bb100%\u00bb global_colors_info=\u00bb{}\u00bb custom_margin__hover_enabled=\u00bbon|desktop\u00bb][et_pb_column type=\u00bb4_4&#8243; _builder_version=\u00bb4.9.11&#8243; _module_preset=\u00bbdefault\u00bb global_colors_info=\u00bb{}\u00bb][et_pb_video src=\u00bb%22https:\/\/videopress.com\/v\/XLUJtFpn%22&#8243; _builder_version=\u00bb%224.1%22&#8243; global_colors_info=\u00bb%22{}%22&#8243;][\/et_pb_video][\/et_pb_column][\/et_pb_row][et_pb_row column_structure=\u00bb1_2,1_2&#8243; _builder_version=\u00bb4.1&#8243; background_size=\u00bbinitial\u00bb background_position=\u00bbtop_left\u00bb background_repeat=\u00bbrepeat\u00bb width=\u00bb100%\u00bb global_colors_info=\u00bb{}\u00bb custom_margin__hover_enabled=\u00bbon|desktop\u00bb][et_pb_column type=\u00bb1_2&#8243; _builder_version=\u00bb4.1&#8243; global_colors_info=\u00bb{}\u00bb][et_pb_text _builder_version=\u00bb4.9.11&#8243; hover_enabled=\u00bb0&#8243; global_colors_info=\u00bb{}\u00bb sticky_enabled=\u00bb0&#8243;]<\/p>\n<h3>Efectos de Luc\u00eda N\u00b003 Home Portal<\/h3>\n<p><span>El efecto m\u00e1s sintom\u00e1tico es la reducci\u00f3n del estr\u00e9s. Como la atenci\u00f3n se centraba en otro lugar durante la sesi\u00f3n, la persona se desvinculaba temporalmente de sus preocupaciones habituales, como habr\u00eda ocurrido ante un espect\u00e1culo o un concierto cautivador.<\/span><\/p>\n<p><span>Esta reducci\u00f3n del estr\u00e9s persiste:<\/span><\/p>\n<ul>\n<li><span>Unas pocas horas en el 50% de los casos<\/span><\/li>\n<li><span>Unos d\u00edas en el 30% de los casos<\/span><\/li>\n<li><span>Unas semanas en el 15% de los casos<\/span><\/li>\n<li><span>En aproximadamente un 5% de los casos, se produce un efecto de meseta, el nivel de estr\u00e9s parece haber disminuido de forma duradera. Este porcentaje aumenta con el n\u00famero acumulado de sesiones.<\/span><\/li>\n<\/ul>\n<p><span>En proporciones regulares, los experimentadores informan de los siguientes efectos subjetivos:<\/span><\/p>\n<ul>\n<li><span>Mejora del sue\u00f1o<\/span><\/li>\n<li><span>Mayor lucidez y capacidad de decisi\u00f3n<\/span><\/li>\n<li><span>Mayor capacidad para crear y mantener v\u00ednculos sociales con el entorno profesional y personal<\/span><\/li>\n<li><span>Creatividad art\u00edstica o conceptual<\/span><\/li>\n<\/ul>\n<p><span>Se observan regularmente otras categor\u00edas de efectos m\u00e1s \u00abex\u00f3ticos\u00bb, como la desaparici\u00f3n inmediata y espont\u00e1nea de adicciones de larga duraci\u00f3n, y muchas otras cosas.<\/span><\/p>\n<p>[\/et_pb_text][\/et_pb_column][et_pb_column type=\u00bb1_2&#8243; _builder_version=\u00bb4.1&#8243; global_colors_info=\u00bb{}\u00bb][et_pb_text _builder_version=\u00bb4.9.11&#8243; hover_enabled=\u00bb0&#8243; global_colors_info=\u00bb{}\u00bb sticky_enabled=\u00bb0&#8243;]<\/p>\n<h3><strong>Curso de una sesi\u00f3n<\/strong><\/h3>\n<p><span>La sesi\u00f3n se lleva a cabo con los ojos cerrados, frente a la fuente de luz principalmente blanca.<\/span><\/p>\n<p><span>El patr\u00f3n general de sentimiento tiene la apariencia de una campana de Gauss.<\/span><\/p>\n<p><span>La experiencia m\u00e1s com\u00fan es la aparici\u00f3n de formas y luces de colores, con toda la gama de matices, aunque la luz de la tecnolog\u00eda sea blanca. En m\u00e1s del 90% de los casos, este fen\u00f3meno se produce a los pocos segundos de iniciar un programa.<\/span><\/p>\n<p><span>A la izquierda de la curva, las sensaciones son muy d\u00e9biles o inexistentes. Entre el 3 y el 5% de los que prueban por primera vez entran en esta categor\u00eda.<\/span><\/p>\n<p><span>Sim\u00e9tricamente, a la derecha de la campana de Gauss, la intensidad y la variedad de la experiencia son r\u00e1pidamente muy fuertes. El 3% de los que experimentan por primera vez dicen haber vivido el momento m\u00e1s espectacular de su vida.<\/span><\/p>\n<p><span>Si resumimos las valoraciones dadas por los propios experimentadores por primera vez, m\u00e1s del 80% juzga el momento pasado frente a la tecnolog\u00eda como extraordinario, sorprendente, original, inesperado, a la vez que suave y poco comprensible racionalmente.<\/span><\/p>\n<p><span>La base de fibra de carbono es muy compacta y ligera. Gracias a la almohada incluida con la l\u00e1mpara, la posici\u00f3n de reposo es c\u00f3moda. Elige una m\u00fasica relajante y un lugar agradable, t\u00fambate y d\u00e9jate llevar por la luz. Apreciar\u00e1 el estuche reforzado para facilitar el transporte y el almacenamiento.<\/span><\/p>\n<p><span>Se pueden emparejar y sincronizar hasta 50 l\u00e1mparas Lucia Home Portal juntas o con un Lucia N\u00b003 practicionner para sesiones de grupo.<\/span><\/p>\n<p>[\/et_pb_text][\/et_pb_column][\/et_pb_row][et_pb_row _builder_version=\u00bb4.6.3&#8243; _module_preset=\u00bbdefault\u00bb background_size=\u00bbinitial\u00bb background_position=\u00bbtop_left\u00bb background_repeat=\u00bbrepeat\u00bb width=\u00bb100%\u00bb global_colors_info=\u00bb{}\u00bb custom_margin__hover_enabled=\u00bbon|desktop\u00bb][et_pb_column type=\u00bb4_4&#8243; _builder_version=\u00bb4.6.3&#8243; _module_preset=\u00bbdefault\u00bb global_colors_info=\u00bb{}\u00bb][et_pb_image src=\u00bbhttps:\/\/lucialight.fr\/wp-content\/uploads\/2020\/01\/lumiere-lucia-3-pas-cher.jpg\u00bb align=\u00bbcenter\u00bb force_fullwidth=\u00bbon\u00bb _builder_version=\u00bb4.1&#8243; global_colors_info=\u00bb{}\u00bb][\/et_pb_image][et_pb_text _builder_version=\u00bb4.6.3&#8243; global_colors_info=\u00bb{}\u00bb]<\/p>\n<p>Le pied en fibre de carbon est tr\u00e8s compact et tr\u00e8s l\u00e9ger. Grace \u00e0 l&#8217;oreiller inclu avec la lampe, la position allong\u00e9e est confortable. Choisissez une musique relaxante et un endroit agr\u00e9ablen, allongez-vous et laissez-vous glisser dans la lumir\u00e8re. Vous apr\u00e9cierez la mallette renforc\u00e9e pour un transport et un stockage facile. <\/p>\n<p>Jusqu&#8217;\u00e0 50 lampes Lucia Home Portal peuvent \u00eatre assossi\u00e9es et synchronis\u00e9es ensemble ou avec une Lucia N\u00b003 practicionner pour des s\u00e9ances collectives. <\/p>\n<p>[\/et_pb_text][\/et_pb_column][\/et_pb_row][et_pb_row _builder_version=\u00bb4.1&#8243; background_size=\u00bbinitial\u00bb background_position=\u00bbtop_left\u00bb background_repeat=\u00bbrepeat\u00bb width=\u00bb100%\u00bb global_colors_info=\u00bb{}\u00bb custom_margin__hover_enabled=\u00bbon|desktop\u00bb][et_pb_column type=\u00bb4_4&#8243; _builder_version=\u00bb3.25&#8243; custom_padding=\u00bb|||\u00bb global_colors_info=\u00bb{}\u00bb custom_padding__hover=\u00bb|||\u00bb][et_pb_wc_tabs _builder_version=\u00bb%223.0.47%22&#8243; global_colors_info=\u00bb%22{}%22&#8243;]\t\t\t\t\t[\/et_pb_wc_tabs][et_pb_wc_upsells _builder_version=\u00bb%223.0.47%22&#8243; global_colors_info=\u00bb%22{}%22&#8243;][\/et_pb_wc_upsells][et_pb_wc_related_products _builder_version=\u00bb%223.0.47%22&#8243; title_font_size=\u00bb%2218px%22&#8243; product_title_text_align=\u00bb%22center%22&#8243; product_title_font_size=\u00bb%2218px%22&#8243; price_font=\u00bb%22|700|||||||%22&#8243; price_text_align=\u00bb%22center%22&#8243; price_text_color=\u00bb%22#4c2e6f%22&#8243; price_font_size=\u00bb%2216px%22&#8243; global_colors_info=\u00bb%22{}%22&#8243;][\/et_pb_wc_related_products][\/et_pb_column][\/et_pb_row][\/et_pb_section]<\/p>\n","protected":false},"excerpt":{"rendered":"<h2>Nueva experiencia de terapia de luz meditativa. M\u00e1s peque\u00f1a, port\u00e1til y dise\u00f1ada para uso dom\u00e9stico.<\/h2>\n<p>La l\u00e1mpara Lucia N\u00ba 03 Home portal es la hermana peque\u00f1a de la <a href=\"https:\/\/lucialight.fr\/es\/produit\/luz-hipnagogicas\/comprar-la-luz-lucia-n3\/\">l\u00e1mpara Lucia N\u00ba 03<\/a> Practitioner, lanzada en 2019.<\/p>\n","protected":false},"featured_media":534,"comment_status":"open","ping_status":"closed","template":"","meta":{"_et_pb_use_builder":"on","_et_pb_old_content":"Caracter\u00edsticas:\r\n<ul>\r\n \t<li>Pantalla LCD incorporada (con funci\u00f3n de \"b\u00fasqueda de programas\")<\/li>\r\n \t<li>Palanca de control en tiempo real que act\u00faa sobre las frecuencias y permite controlar los efectos seg\u00fan la sensaci\u00f3n del usuario. <strong>Lucia n\u00b03 Home Portal ES LA \u00daNICA TECNOLOG\u00cdA QUE OFRECE esta posibilidad, que en el uso resulta muy valioso.<\/strong><\/li>\r\n \t<li>Todo el equipo est\u00e1 integrado en un estuche<\/li>\r\n \t<li>Base ligera de fibra de carbono para sostener la l\u00e1mpara<\/li>\r\n \t<li>La l\u00e1mpara est\u00e1 hecha de acero inoxidable de alta calidad<\/li>\r\n \t<li>El Lucia N\u00b003 Home Portal utiliza un puerto USB para descargar nuevos programas y para posibles actualizaciones de software<\/li>\r\n \t<li>M\u00e1s de 120 programas con distintas intensidades<\/li>\r\n \t<li>C\u00f3digo de seguridad de 4 d\u00edgitos para una m\u00e1xima protecci\u00f3n<\/li>\r\n \t<li>Almohada especializada integrada en el estuche<\/li>\r\n \t<li>Materiales de alta calidad<\/li>\r\n \t<li>Todos los productos de Lucia N\u00ba 03 se fabrican y ensamblan en Austria de acuerdo con el comercio justo.<\/li>\r\n<\/ul>","_et_gb_content_width":""},"product_brand":[],"product_cat":[30,31],"product_tag":[],"class_list":{"0":"post-598","1":"product","2":"type-product","3":"status-publish","4":"has-post-thumbnail","6":"product_cat-luz-hipnagogicas","7":"product_cat-luz-lucia-n3","9":"first","10":"instock","11":"shipping-taxable","12":"purchasable","13":"product-type-simple"},"yoast_head":"<!-- This site is optimized with the Yoast SEO plugin v27.0 - https:\/\/yoast.com\/product\/yoast-seo-wordpress\/ -->\n<title>Comprar la luz Lucia N\u00b003 Home portal - Lucialight.fr luz Lucia N3<\/title>\n<meta name=\"description\" content=\"Comprar la luz Lucia N3Home Portal - La technologia de LUCIA N\u00b03 M\u00e1s peque\u00f1a, port\u00e1til y dise\u00f1ada para uso dom\u00e9stico.\" \/>\n<meta name=\"robots\" content=\"index, follow, max-snippet:-1, max-image-preview:large, max-video-preview:-1\" \/>\n<link rel=\"canonical\" href=\"https:\/\/lucialight.fr\/es\/produit\/luz-hipnagogicas\/comprar-lucia-n03-home-portal\/\" \/>\n<meta property=\"og:locale\" content=\"es_ES\" \/>\n<meta property=\"og:type\" content=\"article\" \/>\n<meta property=\"og:title\" content=\"Comprar la luz Lucia N\u00b003 Home portal - Lucialight.fr luz Lucia N3\" \/>\n<meta property=\"og:description\" content=\"Comprar la luz Lucia N3Home Portal - La technologia de LUCIA N\u00b03 M\u00e1s peque\u00f1a, port\u00e1til y dise\u00f1ada para uso dom\u00e9stico.\" \/>\n<meta property=\"og:url\" content=\"https:\/\/lucialight.fr\/es\/produit\/luz-hipnagogicas\/comprar-lucia-n03-home-portal\/\" \/>\n<meta property=\"og:site_name\" content=\"Lampes hypnagogiques lucialight.fr\" \/>\n<meta property=\"article:modified_time\" content=\"2022-09-10T02:49:34+00:00\" \/>\n<meta property=\"og:image\" content=\"https:\/\/lucialight.fr\/wp-content\/uploads\/2020\/01\/Lucia-Home-Portal.jpg\" \/>\n\t<meta property=\"og:image:width\" content=\"695\" \/>\n\t<meta property=\"og:image:height\" content=\"645\" \/>\n\t<meta property=\"og:image:type\" content=\"image\/jpeg\" \/>\n<meta name=\"twitter:card\" content=\"summary_large_image\" \/>\n<meta name=\"twitter:label1\" content=\"Tiempo de lectura\" \/>\n\t<meta name=\"twitter:data1\" content=\"6 minutos\" \/>\n<script type=\"application\/ld+json\" class=\"yoast-schema-graph\">{\"@context\":\"https:\/\/schema.org\",\"@graph\":[{\"@type\":\"WebPage\",\"@id\":\"https:\/\/lucialight.fr\/es\/produit\/luz-hipnagogicas\/comprar-lucia-n03-home-portal\/\",\"url\":\"https:\/\/lucialight.fr\/es\/produit\/luz-hipnagogicas\/comprar-lucia-n03-home-portal\/\",\"name\":\"Comprar la luz Lucia N\u00b003 Home portal - Lucialight.fr luz Lucia N3\",\"isPartOf\":{\"@id\":\"https:\/\/lucialight.fr\/es\/#website\"},\"primaryImageOfPage\":{\"@id\":\"https:\/\/lucialight.fr\/es\/produit\/luz-hipnagogicas\/comprar-lucia-n03-home-portal\/#primaryimage\"},\"image\":{\"@id\":\"https:\/\/lucialight.fr\/es\/produit\/luz-hipnagogicas\/comprar-lucia-n03-home-portal\/#primaryimage\"},\"thumbnailUrl\":\"https:\/\/lucialight.fr\/wp-content\/uploads\/2020\/01\/Lucia-Home-Portal.jpg\",\"datePublished\":\"2021-10-22T10:52:04+00:00\",\"dateModified\":\"2022-09-10T02:49:34+00:00\",\"description\":\"Comprar la luz Lucia N3Home Portal - La technologia de LUCIA N\u00b03 M\u00e1s peque\u00f1a, port\u00e1til y dise\u00f1ada para uso dom\u00e9stico.\",\"breadcrumb\":{\"@id\":\"https:\/\/lucialight.fr\/es\/produit\/luz-hipnagogicas\/comprar-lucia-n03-home-portal\/#breadcrumb\"},\"inLanguage\":\"es\",\"potentialAction\":[{\"@type\":\"ReadAction\",\"target\":[\"https:\/\/lucialight.fr\/es\/produit\/luz-hipnagogicas\/comprar-lucia-n03-home-portal\/\"]}]},{\"@type\":\"ImageObject\",\"inLanguage\":\"es\",\"@id\":\"https:\/\/lucialight.fr\/es\/produit\/luz-hipnagogicas\/comprar-lucia-n03-home-portal\/#primaryimage\",\"url\":\"https:\/\/lucialight.fr\/wp-content\/uploads\/2020\/01\/Lucia-Home-Portal.jpg\",\"contentUrl\":\"https:\/\/lucialight.fr\/wp-content\/uploads\/2020\/01\/Lucia-Home-Portal.jpg\",\"width\":695,\"height\":645},{\"@type\":\"BreadcrumbList\",\"@id\":\"https:\/\/lucialight.fr\/es\/produit\/luz-hipnagogicas\/comprar-lucia-n03-home-portal\/#breadcrumb\",\"itemListElement\":[{\"@type\":\"ListItem\",\"position\":1,\"name\":\"Accueil\",\"item\":\"https:\/\/lucialight.fr\/es\/\"},{\"@type\":\"ListItem\",\"position\":2,\"name\":\"Boutique\",\"item\":\"https:\/\/lucialight.fr\/es\/boutique\/\"},{\"@type\":\"ListItem\",\"position\":3,\"name\":\"Comprar la luz Lucia N\u00b003 Home portal\"}]},{\"@type\":\"WebSite\",\"@id\":\"https:\/\/lucialight.fr\/es\/#website\",\"url\":\"https:\/\/lucialight.fr\/es\/\",\"name\":\"Lampes hypnagogiques lucialight.fr\",\"description\":\"\",\"potentialAction\":[{\"@type\":\"SearchAction\",\"target\":{\"@type\":\"EntryPoint\",\"urlTemplate\":\"https:\/\/lucialight.fr\/es\/?s={search_term_string}\"},\"query-input\":{\"@type\":\"PropertyValueSpecification\",\"valueRequired\":true,\"valueName\":\"search_term_string\"}}],\"inLanguage\":\"es\"}]}<\/script>\n<!-- \/ Yoast SEO plugin. -->","yoast_head_json":{"title":"Comprar la luz Lucia N\u00b003 Home portal - Lucialight.fr luz Lucia N3","description":"Comprar la luz Lucia N3Home Portal - La technologia de LUCIA N\u00b03 M\u00e1s peque\u00f1a, port\u00e1til y dise\u00f1ada para uso dom\u00e9stico.","robots":{"index":"index","follow":"follow","max-snippet":"max-snippet:-1","max-image-preview":"max-image-preview:large","max-video-preview":"max-video-preview:-1"},"canonical":"https:\/\/lucialight.fr\/es\/produit\/luz-hipnagogicas\/comprar-lucia-n03-home-portal\/","og_locale":"es_ES","og_type":"article","og_title":"Comprar la luz Lucia N\u00b003 Home portal - Lucialight.fr luz Lucia N3","og_description":"Comprar la luz Lucia N3Home Portal - La technologia de LUCIA N\u00b03 M\u00e1s peque\u00f1a, port\u00e1til y dise\u00f1ada para uso dom\u00e9stico.","og_url":"https:\/\/lucialight.fr\/es\/produit\/luz-hipnagogicas\/comprar-lucia-n03-home-portal\/","og_site_name":"Lampes hypnagogiques lucialight.fr","article_modified_time":"2022-09-10T02:49:34+00:00","og_image":[{"width":695,"height":645,"url":"https:\/\/lucialight.fr\/wp-content\/uploads\/2020\/01\/Lucia-Home-Portal.jpg","type":"image\/jpeg"}],"twitter_card":"summary_large_image","twitter_misc":{"Tiempo de lectura":"6 minutos"},"schema":{"@context":"https:\/\/schema.org","@graph":[{"@type":"WebPage","@id":"https:\/\/lucialight.fr\/es\/produit\/luz-hipnagogicas\/comprar-lucia-n03-home-portal\/","url":"https:\/\/lucialight.fr\/es\/produit\/luz-hipnagogicas\/comprar-lucia-n03-home-portal\/","name":"Comprar la luz Lucia N\u00b003 Home portal - Lucialight.fr luz Lucia N3","isPartOf":{"@id":"https:\/\/lucialight.fr\/es\/#website"},"primaryImageOfPage":{"@id":"https:\/\/lucialight.fr\/es\/produit\/luz-hipnagogicas\/comprar-lucia-n03-home-portal\/#primaryimage"},"image":{"@id":"https:\/\/lucialight.fr\/es\/produit\/luz-hipnagogicas\/comprar-lucia-n03-home-portal\/#primaryimage"},"thumbnailUrl":"https:\/\/lucialight.fr\/wp-content\/uploads\/2020\/01\/Lucia-Home-Portal.jpg","datePublished":"2021-10-22T10:52:04+00:00","dateModified":"2022-09-10T02:49:34+00:00","description":"Comprar la luz Lucia N3Home Portal - La technologia de LUCIA N\u00b03 M\u00e1s peque\u00f1a, port\u00e1til y dise\u00f1ada para uso dom\u00e9stico.","breadcrumb":{"@id":"https:\/\/lucialight.fr\/es\/produit\/luz-hipnagogicas\/comprar-lucia-n03-home-portal\/#breadcrumb"},"inLanguage":"es","potentialAction":[{"@type":"ReadAction","target":["https:\/\/lucialight.fr\/es\/produit\/luz-hipnagogicas\/comprar-lucia-n03-home-portal\/"]}]},{"@type":"ImageObject","inLanguage":"es","@id":"https:\/\/lucialight.fr\/es\/produit\/luz-hipnagogicas\/comprar-lucia-n03-home-portal\/#primaryimage","url":"https:\/\/lucialight.fr\/wp-content\/uploads\/2020\/01\/Lucia-Home-Portal.jpg","contentUrl":"https:\/\/lucialight.fr\/wp-content\/uploads\/2020\/01\/Lucia-Home-Portal.jpg","width":695,"height":645},{"@type":"BreadcrumbList","@id":"https:\/\/lucialight.fr\/es\/produit\/luz-hipnagogicas\/comprar-lucia-n03-home-portal\/#breadcrumb","itemListElement":[{"@type":"ListItem","position":1,"name":"Accueil","item":"https:\/\/lucialight.fr\/es\/"},{"@type":"ListItem","position":2,"name":"Boutique","item":"https:\/\/lucialight.fr\/es\/boutique\/"},{"@type":"ListItem","position":3,"name":"Comprar la luz Lucia N\u00b003 Home portal"}]},{"@type":"WebSite","@id":"https:\/\/lucialight.fr\/es\/#website","url":"https:\/\/lucialight.fr\/es\/","name":"Lampes hypnagogiques lucialight.fr","description":"","potentialAction":[{"@type":"SearchAction","target":{"@type":"EntryPoint","urlTemplate":"https:\/\/lucialight.fr\/es\/?s={search_term_string}"},"query-input":{"@type":"PropertyValueSpecification","valueRequired":true,"valueName":"search_term_string"}}],"inLanguage":"es"}]}},"_links":{"self":[{"href":"https:\/\/lucialight.fr\/es\/wp-json\/wp\/v2\/product\/598","targetHints":{"allow":["GET"]}}],"collection":[{"href":"https:\/\/lucialight.fr\/es\/wp-json\/wp\/v2\/product"}],"about":[{"href":"https:\/\/lucialight.fr\/es\/wp-json\/wp\/v2\/types\/product"}],"replies":[{"embeddable":true,"href":"https:\/\/lucialight.fr\/es\/wp-json\/wp\/v2\/comments?post=598"}],"wp:featuredmedia":[{"embeddable":true,"href":"https:\/\/lucialight.fr\/es\/wp-json\/wp\/v2\/media\/534"}],"wp:attachment":[{"href":"https:\/\/lucialight.fr\/es\/wp-json\/wp\/v2\/media?parent=598"}],"wp:term":[{"taxonomy":"product_brand","embeddable":true,"href":"https:\/\/lucialight.fr\/es\/wp-json\/wp\/v2\/product_brand?post=598"},{"taxonomy":"product_cat","embeddable":true,"href":"https:\/\/lucialight.fr\/es\/wp-json\/wp\/v2\/product_cat?post=598"},{"taxonomy":"product_tag","embeddable":true,"href":"https:\/\/lucialight.fr\/es\/wp-json\/wp\/v2\/product_tag?post=598"}],"curies":[{"name":"wp","href":"https:\/\/api.w.org\/{rel}","templated":true}]}}