{"id":574,"date":"2021-06-10T16:28:16","date_gmt":"2021-10-19T12:36:48","guid":{"rendered":"https:\/\/lucialight.fr\/produit\/sin%20categor\u00eda\/acheter-la-lampe-roxiva-rx1-lampe-hypnagogique\/"},"modified":"2022-09-20T04:43:28","modified_gmt":"2022-09-20T02:43:28","slug":"comprar-la-luz-hipnagogica-roxiva-rx1","status":"publish","type":"product","link":"https:\/\/lucialight.fr\/es\/produit\/luz-hipnagogicas\/comprar-la-luz-hipnagogica-roxiva-rx1\/","title":{"rendered":"Comprar la luz hipnag\u00f3gica ROXIVA Rx1"},"content":{"rendered":"<p>[et_pb_section fb_built=\u00bb1&#8243; _builder_version=\u00bb3.22&#8243; custom_padding=\u00bb0px||||false|false\u00bb global_colors_info=\u00bb{}\u00bb][et_pb_row _builder_version=\u00bb3.25&#8243; background_size=\u00bbinitial\u00bb background_position=\u00bbtop_left\u00bb background_repeat=\u00bbrepeat\u00bb width=\u00bb100%\u00bb custom_padding=\u00bb0px||0px||false|false\u00bb global_colors_info=\u00bb{}\u00bb][et_pb_column type=\u00bb4_4&#8243; _builder_version=\u00bb3.25&#8243; custom_padding=\u00bb|||\u00bb global_colors_info=\u00bb{}\u00bb custom_padding__hover=\u00bb|||\u00bb][et_pb_wc_breadcrumb _builder_version=\u00bb%223.0.47%22&#8243; global_colors_info=\u00bb%22{}%22&#8243;][\/et_pb_wc_breadcrumb][et_pb_wc_cart_notice _builder_version=\u00bb%223.0.47%22&#8243; global_colors_info=\u00bb%22{}%22&#8243;][\/et_pb_wc_cart_notice][\/et_pb_column][\/et_pb_row][et_pb_row column_structure=\u00bb1_2,1_2&#8243; _builder_version=\u00bb3.25&#8243; background_size=\u00bbinitial\u00bb background_position=\u00bbtop_left\u00bb background_repeat=\u00bbrepeat\u00bb width=\u00bb100%\u00bb custom_padding=\u00bb0px||||false|false\u00bb global_colors_info=\u00bb{}\u00bb][et_pb_column type=\u00bb1_2&#8243; _builder_version=\u00bb3.25&#8243; custom_padding=\u00bb|||\u00bb global_colors_info=\u00bb{}\u00bb custom_padding__hover=\u00bb|||\u00bb][et_pb_wc_images _builder_version=\u00bb%223.0.47%22&#8243; global_colors_info=\u00bb%22{}%22&#8243;][\/et_pb_wc_images][\/et_pb_column][et_pb_column type=\u00bb1_2&#8243; _builder_version=\u00bb3.25&#8243; custom_padding=\u00bb|||\u00bb global_colors_info=\u00bb{}\u00bb custom_padding__hover=\u00bb|||\u00bb][et_pb_wc_title _builder_version=\u00bb4.1&#8243; header_font_size_tablet=\u00bb\u00bb header_font_size_phone=\u00bb\u00bb header_font_size_last_edited=\u00bbon|phone\u00bb global_colors_info=\u00bb{}\u00bb][\/et_pb_wc_title][et_pb_wc_rating _builder_version=\u00bb3.0.47&#8243; global_colors_info=\u00bb{}\u00bb][\/et_pb_wc_rating][et_pb_wc_price _builder_version=\u00bb3.0.47&#8243; global_colors_info=\u00bb{}\u00bb][\/et_pb_wc_price][et_pb_wc_description _builder_version=\u00bb4.1&#8243; header_2_font_size_tablet=\u00bb\u00bb header_2_font_size_phone=\u00bb22px\u00bb header_2_font_size_last_edited=\u00bbon|phone\u00bb global_colors_info=\u00bb{}\u00bb][\/et_pb_wc_description][et_pb_wc_add_to_cart _builder_version=\u00bb3.0.47&#8243; global_colors_info=\u00bb{}\u00bb][\/et_pb_wc_add_to_cart][et_pb_wc_meta _builder_version=\u00bb3.0.47&#8243; global_colors_info=\u00bb{}\u00bb][\/et_pb_wc_meta][\/et_pb_column][\/et_pb_row][et_pb_row _builder_version=\u00bb4.9.11&#8243; _module_preset=\u00bbdefault\u00bb background_size=\u00bbinitial\u00bb background_position=\u00bbtop_left\u00bb background_repeat=\u00bbrepeat\u00bb width=\u00bb100%\u00bb global_colors_info=\u00bb{}\u00bb custom_margin__hover_enabled=\u00bbon|desktop\u00bb][et_pb_column type=\u00bb4_4&#8243; _builder_version=\u00bb4.6.3&#8243; _module_preset=\u00bbdefault\u00bb global_colors_info=\u00bb{}\u00bb][et_pb_code _builder_version=\u00bb4.9.11&#8243; _module_preset=\u00bbdefault\u00bb text_orientation=\u00bbcenter\u00bb global_colors_info=\u00bb{}\u00bb]<iframe loading=\"lazy\" width=\"560\" height=\"315\" src=\"https:\/\/www.youtube.com\/embed\/akCKD_KfAeE\" title=\"YouTube video player\" frameborder=\"0\" allow=\"accelerometer; autoplay; clipboard-write; encrypted-media; gyroscope; picture-in-picture\" allowfullscreen><\/iframe>[\/et_pb_code][et_pb_text _builder_version=\u00bb4.9.11&#8243; _module_preset=\u00bbdefault\u00bb custom_margin=\u00bb||9px|||\u00bb global_colors_info=\u00bb{}\u00bb]<\/p>\n<h3>\u00bf<strong>Qui\u00e9nes son los compradores de la roXiva RX1<\/strong>?<\/h3>\n<p>Principalmente los profesionales de la salud y del bienestar (2\/3), pero tambi\u00e9n los particulares (1\/3) que lo utilizan con su familia y amigos. Roxiva es una l\u00e1mpara hipnag\u00f3gica f\u00e1cil de transportar para un uso m\u00f3vil.<\/p>\n<h3>\u00bfCu\u00e1les son las <strong>caracter\u00edsticas tiene la l\u00e1mpara roXiva RX1<\/strong>?<\/h3>\n<ul>\n<li>\u00a0Dise\u00f1o limpio<\/li>\n<li>F\u00e1cil instalaci\u00f3n: basta con enchufar la l\u00e1mpara para que funcione<\/li>\n<li>Conexi\u00f3n WIFI: para sincronizar el roXiva RX1 con las actualizaciones del fabricante<\/li>\n<li>16 GB de almacenamiento interno: para crear tus propios programas y almacenar tu m\u00fasica<\/li>\n<li>Sistema LED de alta calidad<\/li>\n<li>Puertos externos: el sistema de puertos externos permite conectar equipos Ethernet, de audio y USB.<\/li>\n<li>Conexi\u00f3n de audio: la l\u00e1mpara est\u00e1 equipada con una toma JACK<\/li>\n<li>Tr\u00edpode suministrado con la roXiva RX1<\/li>\n<li>Configurador de programas: para crear tus propias sesiones a tu medida.<\/li>\n<\/ul>\n<h3>\u00bfCu\u00e1les son<strong> las ventajas de la luz roXiva RX1<\/strong>?<\/h3>\n<p>Al igual que las l\u00e1mparas PandoraStar, Lucia N\u00b003 Practitioner y Home Portal, la l\u00e1mpara hipnag\u00f3gica RoXiva induce con mucha frecuencia la reducci\u00f3n del estr\u00e9s.<br \/>Los otros beneficios comunes son:<\/p>\n<ul>\n<li>Mejora del sue\u00f1o<\/li>\n<li>Mayor lucidez y capacidad de decisi\u00f3n<\/li>\n<li>Mayor capacidad para crear y mantener v\u00ednculos sociales con el entorno profesional y personal.<\/li>\n<li>Creatividad art\u00edstica o conceptual<\/li>\n<\/ul>\n<p>Adem\u00e1s, a veces se observa una especie de \u00abactualizaci\u00f3n\u00bb del software neuronal que lleva a la desaparici\u00f3n de los s\u00edntomas de forma definitiva: peque\u00f1os dolores, adicciones. Estos efectos <strong>NO PUEDEN<\/strong> ser inducidos autom\u00e1ticamente por un programa u otro, son el resultado de factores probablemente complejos y a\u00fan no identificados; en consecuencia, es falaz hacer una promesa \u00abterap\u00e9utica\u00bb, \u00abcu\u00e1ntica\u00bb o no.<\/p>\n<p>[\/et_pb_text][\/et_pb_column][\/et_pb_row][et_pb_row _builder_version=\u00bb4.9.11&#8243; background_size=\u00bbinitial\u00bb background_position=\u00bbtop_left\u00bb background_repeat=\u00bbrepeat\u00bb width=\u00bb100%\u00bb global_colors_info=\u00bb{}\u00bb custom_margin__hover_enabled=\u00bbon|desktop\u00bb][et_pb_column type=\u00bb4_4&#8243; _builder_version=\u00bb3.25&#8243; custom_padding=\u00bb|||\u00bb global_colors_info=\u00bb{}\u00bb custom_padding__hover=\u00bb|||\u00bb][et_pb_wc_tabs _builder_version=\u00bb%224.6.3%22&#8243; global_colors_info=\u00bb%22{}%22&#8243;] [\/et_pb_wc_tabs][et_pb_wc_upsells _builder_version=\u00bb%223.0.47%22&#8243; global_colors_info=\u00bb%22{}%22&#8243;][\/et_pb_wc_upsells][et_pb_wc_related_products _builder_version=\u00bb%224.9.11%22&#8243; title_font_size=\u00bb%2218px%22&#8243; product_title_text_align=\u00bb%22center%22&#8243; product_title_font_size=\u00bb%2218px%22&#8243; price_font=\u00bb%22|700|||||||%22&#8243; price_text_align=\u00bb%22center%22&#8243; price_text_color=\u00bb%22#4c2e6f%22&#8243; price_font_size=\u00bb%2216px%22&#8243; global_colors_info=\u00bb%22{}%22&#8243;][\/et_pb_wc_related_products][\/et_pb_column][\/et_pb_row][\/et_pb_section]<\/p>\n","protected":false},"excerpt":{"rendered":"<h2><strong>Luz roXiva Rx1: <\/strong>lo \u00faltimo en luces hipnag\u00f3gicas<\/h2>\n<p>La l\u00e1mpara roXiva RX1 fue lanzada en abril de 2021. Equipada con 16 LEDs y m\u00e1s de 50 programas, esta l\u00e1mpara ofrece aproximadamente la mitad de ellos con una banda sonora asociada, a la que se puede acceder directamente conectando unos cascos a la l\u00e1mpara roXiva. Si quieres saber m\u00e1s sobre sus beneficios y d\u00f3nde probarlo te lo explicamos todo en <a href=\"https:\/\/lucialight.fr\/es\/lampara-roxiva-rx1-novedad-en-2021-para-las-lamparas-hipnagogicas\/\"><strong>este art\u00edculo<\/strong><\/a>.<\/p>\n","protected":false},"featured_media":561,"comment_status":"open","ping_status":"closed","template":"","meta":{"_et_pb_use_builder":"on","_et_pb_old_content":"<h4><strong>Informaci\u00f3n importante<\/strong><\/h4>\r\nAdem\u00e1s de Lucia y PandoraStar desde 2016, desde abril de 2021 Marc AUBURN es tambi\u00e9n el distribuidor internacional de Roxiva.\r\n\r\nHa acompa\u00f1ado m\u00e1s de 15.000 sesiones desde finales de 2015, algo \u00fanico en Europa, y ha permitido conocer los efectos REALES. NO est\u00e1 de acuerdo con las disparatadas y falaces alegaciones de \"terapia cu\u00e1ntica\", \"modificaci\u00f3n del ADN\" o \"viaje astral\" por parte de estas tecnolog\u00edas. Estas alegaciones, que se encuentran con demasiada frecuencia en Internet, si no provienen de una intenci\u00f3n deliberada de enga\u00f1ar, son el resultado de <strong>profundos desconocimiento<\/strong> de sus autores. NO CREAS NADA QUE NO PUEDAS VERIFICAR POR TI MISMO.\r\n\r\nLe sugerimos que se ponga en contacto con nosotros para recibir la informaci\u00f3n y el asesoramiento m\u00e1s racionales y objetivos posibles.\r\n\r\n<strong>Comentario:<\/strong> <em>Marc Auburn no ofrece NINGUNA FORMA DE TERAPIA, ni ENSE\u00d1ANZA ESPIRITUAL, ni RITUAL. Es un explorador pragm\u00e1tico que comparte sus experiencias con un p\u00fablico <strong>deliberadamente limitado<\/strong> al que no ofrece ninguna creencia. En este campo, recomienda la autonom\u00eda, la independencia de esp\u00edritu y el pragmatismo. Adem\u00e1s, insta regularmente a sus lectores a no tomar NINGUNA DROGA, sea cual sea el motivo.<\/em>","_et_gb_content_width":""},"product_brand":[],"product_cat":[30],"product_tag":[],"class_list":{"0":"post-574","1":"product","2":"type-product","3":"status-publish","4":"has-post-thumbnail","6":"product_cat-luz-hipnagogicas","8":"first","9":"outofstock","10":"shipping-taxable","11":"purchasable","12":"product-type-simple"},"yoast_head":"<!-- This site is optimized with the Yoast SEO plugin v27.0 - https:\/\/yoast.com\/product\/yoast-seo-wordpress\/ -->\n<title>Comprar la luz hipnag\u00f3gica ROXIVA Rx1 - Lucialight.fr<\/title>\n<meta name=\"description\" content=\"Comprar la luz roXiva RX1 en Lucialight.fr - Mayor distribuidor de luces hipnag\u00f3gicas y fototerapia en Europa.\" \/>\n<meta name=\"robots\" content=\"index, follow, max-snippet:-1, max-image-preview:large, max-video-preview:-1\" \/>\n<link rel=\"canonical\" href=\"https:\/\/lucialight.fr\/es\/produit\/luz-hipnagogicas\/comprar-la-luz-hipnagogica-roxiva-rx1\/\" \/>\n<meta property=\"og:locale\" content=\"es_ES\" \/>\n<meta property=\"og:type\" content=\"article\" \/>\n<meta property=\"og:title\" content=\"Comprar la luz hipnag\u00f3gica ROXIVA Rx1 - Lucialight.fr\" \/>\n<meta property=\"og:description\" content=\"Comprar la luz roXiva RX1 en Lucialight.fr - Mayor distribuidor de luces hipnag\u00f3gicas y fototerapia en Europa.\" \/>\n<meta property=\"og:url\" content=\"https:\/\/lucialight.fr\/es\/produit\/luz-hipnagogicas\/comprar-la-luz-hipnagogica-roxiva-rx1\/\" \/>\n<meta property=\"og:site_name\" content=\"Lampes hypnagogiques lucialight.fr\" \/>\n<meta property=\"article:modified_time\" content=\"2022-09-20T02:43:28+00:00\" \/>\n<meta property=\"og:image\" content=\"https:\/\/lucialight.fr\/wp-content\/uploads\/2021\/06\/acheter-lampe-roxiva-rx1-lampe-hypnagogique.jpg\" \/>\n\t<meta property=\"og:image:width\" content=\"800\" \/>\n\t<meta property=\"og:image:height\" content=\"800\" \/>\n\t<meta property=\"og:image:type\" content=\"image\/jpeg\" \/>\n<meta name=\"twitter:card\" content=\"summary_large_image\" \/>\n<meta name=\"twitter:label1\" content=\"Tiempo de lectura\" \/>\n\t<meta name=\"twitter:data1\" content=\"4 minutos\" \/>\n<script type=\"application\/ld+json\" class=\"yoast-schema-graph\">{\"@context\":\"https:\/\/schema.org\",\"@graph\":[{\"@type\":\"WebPage\",\"@id\":\"https:\/\/lucialight.fr\/es\/produit\/luz-hipnagogicas\/comprar-la-luz-hipnagogica-roxiva-rx1\/\",\"url\":\"https:\/\/lucialight.fr\/es\/produit\/luz-hipnagogicas\/comprar-la-luz-hipnagogica-roxiva-rx1\/\",\"name\":\"Comprar la luz hipnag\u00f3gica ROXIVA Rx1 - Lucialight.fr\",\"isPartOf\":{\"@id\":\"https:\/\/lucialight.fr\/es\/#website\"},\"primaryImageOfPage\":{\"@id\":\"https:\/\/lucialight.fr\/es\/produit\/luz-hipnagogicas\/comprar-la-luz-hipnagogica-roxiva-rx1\/#primaryimage\"},\"image\":{\"@id\":\"https:\/\/lucialight.fr\/es\/produit\/luz-hipnagogicas\/comprar-la-luz-hipnagogica-roxiva-rx1\/#primaryimage\"},\"thumbnailUrl\":\"https:\/\/lucialight.fr\/wp-content\/uploads\/2021\/06\/acheter-lampe-roxiva-rx1-lampe-hypnagogique.jpg\",\"datePublished\":\"2021-10-19T12:36:48+00:00\",\"dateModified\":\"2022-09-20T02:43:28+00:00\",\"description\":\"Comprar la luz roXiva RX1 en Lucialight.fr - Mayor distribuidor de luces hipnag\u00f3gicas y fototerapia en Europa.\",\"breadcrumb\":{\"@id\":\"https:\/\/lucialight.fr\/es\/produit\/luz-hipnagogicas\/comprar-la-luz-hipnagogica-roxiva-rx1\/#breadcrumb\"},\"inLanguage\":\"es\",\"potentialAction\":[{\"@type\":\"ReadAction\",\"target\":[\"https:\/\/lucialight.fr\/es\/produit\/luz-hipnagogicas\/comprar-la-luz-hipnagogica-roxiva-rx1\/\"]}]},{\"@type\":\"ImageObject\",\"inLanguage\":\"es\",\"@id\":\"https:\/\/lucialight.fr\/es\/produit\/luz-hipnagogicas\/comprar-la-luz-hipnagogica-roxiva-rx1\/#primaryimage\",\"url\":\"https:\/\/lucialight.fr\/wp-content\/uploads\/2021\/06\/acheter-lampe-roxiva-rx1-lampe-hypnagogique.jpg\",\"contentUrl\":\"https:\/\/lucialight.fr\/wp-content\/uploads\/2021\/06\/acheter-lampe-roxiva-rx1-lampe-hypnagogique.jpg\",\"width\":800,\"height\":800},{\"@type\":\"BreadcrumbList\",\"@id\":\"https:\/\/lucialight.fr\/es\/produit\/luz-hipnagogicas\/comprar-la-luz-hipnagogica-roxiva-rx1\/#breadcrumb\",\"itemListElement\":[{\"@type\":\"ListItem\",\"position\":1,\"name\":\"Accueil\",\"item\":\"https:\/\/lucialight.fr\/es\/\"},{\"@type\":\"ListItem\",\"position\":2,\"name\":\"Boutique\",\"item\":\"https:\/\/lucialight.fr\/es\/boutique\/\"},{\"@type\":\"ListItem\",\"position\":3,\"name\":\"Comprar la luz hipnag\u00f3gica ROXIVA Rx1\"}]},{\"@type\":\"WebSite\",\"@id\":\"https:\/\/lucialight.fr\/es\/#website\",\"url\":\"https:\/\/lucialight.fr\/es\/\",\"name\":\"Lampes hypnagogiques lucialight.fr\",\"description\":\"\",\"potentialAction\":[{\"@type\":\"SearchAction\",\"target\":{\"@type\":\"EntryPoint\",\"urlTemplate\":\"https:\/\/lucialight.fr\/es\/?s={search_term_string}\"},\"query-input\":{\"@type\":\"PropertyValueSpecification\",\"valueRequired\":true,\"valueName\":\"search_term_string\"}}],\"inLanguage\":\"es\"}]}<\/script>\n<!-- \/ Yoast SEO plugin. -->","yoast_head_json":{"title":"Comprar la luz hipnag\u00f3gica ROXIVA Rx1 - Lucialight.fr","description":"Comprar la luz roXiva RX1 en Lucialight.fr - Mayor distribuidor de luces hipnag\u00f3gicas y fototerapia en Europa.","robots":{"index":"index","follow":"follow","max-snippet":"max-snippet:-1","max-image-preview":"max-image-preview:large","max-video-preview":"max-video-preview:-1"},"canonical":"https:\/\/lucialight.fr\/es\/produit\/luz-hipnagogicas\/comprar-la-luz-hipnagogica-roxiva-rx1\/","og_locale":"es_ES","og_type":"article","og_title":"Comprar la luz hipnag\u00f3gica ROXIVA Rx1 - Lucialight.fr","og_description":"Comprar la luz roXiva RX1 en Lucialight.fr - Mayor distribuidor de luces hipnag\u00f3gicas y fototerapia en Europa.","og_url":"https:\/\/lucialight.fr\/es\/produit\/luz-hipnagogicas\/comprar-la-luz-hipnagogica-roxiva-rx1\/","og_site_name":"Lampes hypnagogiques lucialight.fr","article_modified_time":"2022-09-20T02:43:28+00:00","og_image":[{"width":800,"height":800,"url":"https:\/\/lucialight.fr\/wp-content\/uploads\/2021\/06\/acheter-lampe-roxiva-rx1-lampe-hypnagogique.jpg","type":"image\/jpeg"}],"twitter_card":"summary_large_image","twitter_misc":{"Tiempo de lectura":"4 minutos"},"schema":{"@context":"https:\/\/schema.org","@graph":[{"@type":"WebPage","@id":"https:\/\/lucialight.fr\/es\/produit\/luz-hipnagogicas\/comprar-la-luz-hipnagogica-roxiva-rx1\/","url":"https:\/\/lucialight.fr\/es\/produit\/luz-hipnagogicas\/comprar-la-luz-hipnagogica-roxiva-rx1\/","name":"Comprar la luz hipnag\u00f3gica ROXIVA Rx1 - Lucialight.fr","isPartOf":{"@id":"https:\/\/lucialight.fr\/es\/#website"},"primaryImageOfPage":{"@id":"https:\/\/lucialight.fr\/es\/produit\/luz-hipnagogicas\/comprar-la-luz-hipnagogica-roxiva-rx1\/#primaryimage"},"image":{"@id":"https:\/\/lucialight.fr\/es\/produit\/luz-hipnagogicas\/comprar-la-luz-hipnagogica-roxiva-rx1\/#primaryimage"},"thumbnailUrl":"https:\/\/lucialight.fr\/wp-content\/uploads\/2021\/06\/acheter-lampe-roxiva-rx1-lampe-hypnagogique.jpg","datePublished":"2021-10-19T12:36:48+00:00","dateModified":"2022-09-20T02:43:28+00:00","description":"Comprar la luz roXiva RX1 en Lucialight.fr - Mayor distribuidor de luces hipnag\u00f3gicas y fototerapia en Europa.","breadcrumb":{"@id":"https:\/\/lucialight.fr\/es\/produit\/luz-hipnagogicas\/comprar-la-luz-hipnagogica-roxiva-rx1\/#breadcrumb"},"inLanguage":"es","potentialAction":[{"@type":"ReadAction","target":["https:\/\/lucialight.fr\/es\/produit\/luz-hipnagogicas\/comprar-la-luz-hipnagogica-roxiva-rx1\/"]}]},{"@type":"ImageObject","inLanguage":"es","@id":"https:\/\/lucialight.fr\/es\/produit\/luz-hipnagogicas\/comprar-la-luz-hipnagogica-roxiva-rx1\/#primaryimage","url":"https:\/\/lucialight.fr\/wp-content\/uploads\/2021\/06\/acheter-lampe-roxiva-rx1-lampe-hypnagogique.jpg","contentUrl":"https:\/\/lucialight.fr\/wp-content\/uploads\/2021\/06\/acheter-lampe-roxiva-rx1-lampe-hypnagogique.jpg","width":800,"height":800},{"@type":"BreadcrumbList","@id":"https:\/\/lucialight.fr\/es\/produit\/luz-hipnagogicas\/comprar-la-luz-hipnagogica-roxiva-rx1\/#breadcrumb","itemListElement":[{"@type":"ListItem","position":1,"name":"Accueil","item":"https:\/\/lucialight.fr\/es\/"},{"@type":"ListItem","position":2,"name":"Boutique","item":"https:\/\/lucialight.fr\/es\/boutique\/"},{"@type":"ListItem","position":3,"name":"Comprar la luz hipnag\u00f3gica ROXIVA Rx1"}]},{"@type":"WebSite","@id":"https:\/\/lucialight.fr\/es\/#website","url":"https:\/\/lucialight.fr\/es\/","name":"Lampes hypnagogiques lucialight.fr","description":"","potentialAction":[{"@type":"SearchAction","target":{"@type":"EntryPoint","urlTemplate":"https:\/\/lucialight.fr\/es\/?s={search_term_string}"},"query-input":{"@type":"PropertyValueSpecification","valueRequired":true,"valueName":"search_term_string"}}],"inLanguage":"es"}]}},"_links":{"self":[{"href":"https:\/\/lucialight.fr\/es\/wp-json\/wp\/v2\/product\/574","targetHints":{"allow":["GET"]}}],"collection":[{"href":"https:\/\/lucialight.fr\/es\/wp-json\/wp\/v2\/product"}],"about":[{"href":"https:\/\/lucialight.fr\/es\/wp-json\/wp\/v2\/types\/product"}],"replies":[{"embeddable":true,"href":"https:\/\/lucialight.fr\/es\/wp-json\/wp\/v2\/comments?post=574"}],"wp:featuredmedia":[{"embeddable":true,"href":"https:\/\/lucialight.fr\/es\/wp-json\/wp\/v2\/media\/561"}],"wp:attachment":[{"href":"https:\/\/lucialight.fr\/es\/wp-json\/wp\/v2\/media?parent=574"}],"wp:term":[{"taxonomy":"product_brand","embeddable":true,"href":"https:\/\/lucialight.fr\/es\/wp-json\/wp\/v2\/product_brand?post=574"},{"taxonomy":"product_cat","embeddable":true,"href":"https:\/\/lucialight.fr\/es\/wp-json\/wp\/v2\/product_cat?post=574"},{"taxonomy":"product_tag","embeddable":true,"href":"https:\/\/lucialight.fr\/es\/wp-json\/wp\/v2\/product_tag?post=574"}],"curies":[{"name":"wp","href":"https:\/\/api.w.org\/{rel}","templated":true}]}}