{"id":658,"date":"2021-10-22T18:18:45","date_gmt":"2021-10-22T16:18:45","guid":{"rendered":"https:\/\/lucialight.fr\/acheter-des-lunettes-psio\/"},"modified":"2021-10-25T09:37:26","modified_gmt":"2021-10-25T07:37:26","slug":"comprar-las-gafas-psio","status":"publish","type":"page","link":"https:\/\/lucialight.fr\/es\/comprar-las-gafas-psio\/","title":{"rendered":"Comprar las Gafas Psio"},"content":{"rendered":"<p>[et_pb_section fb_built=\u00bb1&#8243; fullwidth=\u00bbon\u00bb _builder_version=\u00bb4.1&#8243; global_colors_info=\u00bb{}\u00bb][et_pb_fullwidth_header title=\u00bbGafas Psio, terapia de luz para particulares\u00bb background_overlay_color=\u00bbrgba(0,0,0,0.48)\u00bb _builder_version=\u00bb4.9.11&#8243; background_color=\u00bb#FFFFFF\u00bb background_image=\u00bbhttps:\/\/lucialight.fr\/wp-content\/uploads\/2021\/02\/acheter-lunette-psio-luminotherapie.jpg\u00bb background_size=\u00bbinitial\u00bb background_position=\u00bbtop_center\u00bb custom_button_one=\u00bbon\u00bb custom_padding=\u00bb5%||5%||true|false\u00bb custom_padding_tablet=\u00bb4%||4%||true|false\u00bb custom_padding_phone=\u00bb0%||0%||true|false\u00bb custom_padding_last_edited=\u00bbon|desktop\u00bb hover_enabled=\u00bb0&#8243; button_one_text_size_tablet=\u00bb\u00bb button_one_text_size_phone=\u00bb13px\u00bb button_one_text_size_last_edited=\u00bbon|phone\u00bb global_colors_info=\u00bb{}\u00bb sticky_enabled=\u00bb0&#8243;]<\/p>\n<p><strong>Gafas de luminoterapia<\/strong> equipada con reproductor de MP3.<br \/>PSiO combina la relajaci\u00f3n por <strong>m\u00fasica<\/strong> o voz con la <strong>estimulaci\u00f3n lum\u00ednica.<\/strong><\/p>\n<p>[\/et_pb_fullwidth_header][\/et_pb_section][et_pb_section fb_built=\u00bb1&#8243; _builder_version=\u00bb4.1&#8243; custom_padding=\u00bb0px||0px||true|false\u00bb global_colors_info=\u00bb{}\u00bb][et_pb_row _builder_version=\u00bb4.1&#8243; global_colors_info=\u00bb{}\u00bb][et_pb_column type=\u00bb4_4&#8243; _builder_version=\u00bb4.1&#8243; global_colors_info=\u00bb{}\u00bb][et_pb_text _builder_version=\u00bb4.9.11&#8243; text_orientation=\u00bbcenter\u00bb hover_enabled=\u00bb0&#8243; global_colors_info=\u00bb{}\u00bb sticky_enabled=\u00bb0&#8243;]<\/p>\n<h2>\u00bfQu\u00e9 es Psio? \u00bfTecnolog\u00eda?<\/h2>\n<p><span>La tecnolog\u00eda PSiO es el resultado de <strong>28 a\u00f1os de investigaci\u00f3n en NEUROCIENCIAS<\/strong>.<br \/><\/span><span>El PSiO es el resultado de una investigaci\u00f3n de alta tecnolog\u00eda en f\u00edsica \u00f3ptica en colaboraci\u00f3n con el profesor Habraken de la Universidad de Lieja, B\u00e9lgica. Eminente investigador, autor de varias patentes y colaborador de la Agencia Espacial, el PSiO ha obtenido los certificados CE y FCC (no emisi\u00f3n de ondas electromagn\u00e9ticas)<\/span><\/p>\n<p>[\/et_pb_text][\/et_pb_column][\/et_pb_row][et_pb_row column_structure=\u00bb2_3,1_3&#8243; _builder_version=\u00bb4.1&#8243; global_colors_info=\u00bb{}\u00bb][et_pb_column type=\u00bb2_3&#8243; _builder_version=\u00bb4.1&#8243; global_colors_info=\u00bb{}\u00bb][et_pb_text _builder_version=\u00bb4.9.11&#8243; custom_margin=\u00bb||0px||false|false\u00bb custom_padding=\u00bb||||false|false\u00bb hover_enabled=\u00bb0&#8243; global_colors_info=\u00bb{}\u00bb sticky_enabled=\u00bb0&#8243;]<\/p>\n<h2><strong>Gafas para dormir y despertar <\/strong><\/h2>\n<p>[\/et_pb_text][et_pb_text _builder_version=\u00bb4.9.11&#8243; text_orientation=\u00bbjustified\u00bb hover_enabled=\u00bb0&#8243; global_colors_info=\u00bb{}\u00bb sticky_enabled=\u00bb0&#8243;]<\/p>\n<p><span>Desde hace m\u00e1s de 20 a\u00f1os, la tecnolog\u00eda PSiO se utiliza con gran \u00e9xito en los hospitales, especialmente para <strong>gestionar el estr\u00e9s en anestesiolog\u00eda local<\/strong>, en la <strong>sala de recuperaci\u00f3n<\/strong> y en el <strong>laboratorio del sue\u00f1o<\/strong>.<\/span><\/p>\n<p><span>Dr. Patrick Lemoine Uso en el laboratorio del sue\u00f1o:<\/span><\/p>\n<blockquote>\n<p><span>Extracto del libro \u00abDormir sin medicamentos&#8230; ou presque\u00bb [<em>Dormir sin medicamentos\u2026 o casi<\/em>] (publicado por Laffont) del Dr. Patrick Lemoine:<\/span><\/p>\n<p><span>\u201c<em>Me pareci\u00f3 tan interesante que empec\u00e9 a recetarlo a mis pacientes con insomnio m\u00e1s severo, a veces con resultados sorprendentes<\/em>\u201d&#8230;..<\/span><\/p>\n<p>\u201c<em>Algunos programas muy t\u00f3nicos despiertan y dan forma, otros proponen ejercicios de relajaci\u00f3n muy sofisticados con ejercicios musculares, otros a\u00fan se acercan m\u00e1s a la hipnosis&#8230; en definitiva, el sistema es muy rico y variado y ha cambiado mi forma de tratar a mis pacientes m\u00e1s gravemente afectados. En mi opini\u00f3n, est\u00e1 muy lejos de ser un simple artilugio. Es m\u00e1s bien un dispositivo port\u00e1til para la meditaci\u00f3n, las terapias cognitivas y conductuales, la relajaci\u00f3n, la autohipnosis<\/em>&#8230;\u201d<\/p>\n<\/blockquote>\n<p>[\/et_pb_text][et_pb_button button_url=\u00bbhttps:\/\/www.psiostore.com\/fr\/socialNetworks\/a127-corineleblanc\/sleep\/contact\/?t=presentation-psio\u00bb url_new_window=\u00bbon\u00bb button_text=\u00bbRECIBIR LAS GAFAS PSIO GRATIS\u00bb button_alignment=\u00bbleft\u00bb _builder_version=\u00bb4.9.11&#8243; hover_enabled=\u00bb0&#8243; global_colors_info=\u00bb{}\u00bb sticky_enabled=\u00bb0&#8243;][\/et_pb_button][\/et_pb_column][et_pb_column type=\u00bb1_3&#8243; _builder_version=\u00bb4.1&#8243; global_colors_info=\u00bb{}\u00bb][et_pb_image src=\u00bbhttps:\/\/lucialight.fr\/wp-content\/uploads\/2021\/02\/lunettes-psio-avis.jpg\u00bb title_text=\u00bblunettes-psio-avis\u00bb align=\u00bbcenter\u00bb _builder_version=\u00bb4.8.2&#8243; global_colors_info=\u00bb{}\u00bb][\/et_pb_image][\/et_pb_column][\/et_pb_row][et_pb_row column_structure=\u00bb1_3,2_3&#8243; _builder_version=\u00bb4.1&#8243; global_colors_info=\u00bb{}\u00bb][et_pb_column type=\u00bb1_3&#8243; _builder_version=\u00bb4.1&#8243; global_colors_info=\u00bb{}\u00bb][et_pb_image src=\u00bbhttps:\/\/lucialight.fr\/wp-content\/uploads\/2021\/02\/lunettes-psio-prix.jpg\u00bb title_text=\u00bblunettes-psio-prix\u00bb align=\u00bbcenter\u00bb _builder_version=\u00bb4.8.2&#8243; global_colors_info=\u00bb{}\u00bb][\/et_pb_image][et_pb_image src=\u00bbhttps:\/\/lucialight.fr\/wp-content\/uploads\/2021\/02\/luminotherapie-pour-les-particuliers.jpg\u00bb title_text=\u00bbluminotherapie-pour-les-particuliers\u00bb align=\u00bbcenter\u00bb _builder_version=\u00bb4.8.2&#8243; global_colors_info=\u00bb{}\u00bb][\/et_pb_image][\/et_pb_column][et_pb_column type=\u00bb2_3&#8243; _builder_version=\u00bb4.1&#8243; global_colors_info=\u00bb{}\u00bb][et_pb_text _builder_version=\u00bb4.9.11&#8243; link_font=\u00bb|600|||||||\u00bb link_text_color=\u00bb#4c2e6f\u00bb custom_margin=\u00bb||0px||false|false\u00bb custom_padding=\u00bb||||false|false\u00bb hover_enabled=\u00bb0&#8243; global_colors_info=\u00bb{}\u00bb sticky_enabled=\u00bb0&#8243;]<\/p>\n<h2>\u00bfEn qu\u00e9 se complementa y diferencia el PSIO de la <a href=\"https:\/\/lucialight.fr\/es\/produit\/luz-hipnagogicas\/comprar-la-luz-lucia-n3\/\">luz Lucia N\u00b03<\/a>?<\/h2>\n<p>[\/et_pb_text][et_pb_text _builder_version=\u00bb4.9.11&#8243; text_orientation=\u00bbjustified\u00bb hover_enabled=\u00bb0&#8243; global_colors_info=\u00bb{}\u00bb sticky_enabled=\u00bb0&#8243;]<\/p>\n<ul>\n<li><span>En tu <strong>espacio privado, durante un viaje<\/strong>, como<strong> complemento de las sesiones de LUCIA con su terapeuta, <\/strong>PSIO ser\u00e1 un compa\u00f1ero discreto (PSIO pesa s\u00f3lo 107 gramos).<\/span><\/li>\n<li><span>Programas de audio asociados a la luz.<\/span><\/li>\n<\/ul>\n<h3><strong>Foto-terapia para las sesiones matutinas<\/strong> (visiones positivas)<\/h3>\n<p><span>Permiten despertarse m\u00e1s eficazmente gracias a la luz y empezar el d\u00eda en buena forma gracias a la visualizaci\u00f3n positiva practicada con su PSiO.<\/span><\/p>\n<h3><strong>Sesiones de tarde<\/strong> (m\u00fasica)<\/h3>\n<p>Son verdaderas siestas turbo, que permiten una pausa recuperadora con m\u00fasica mientras estimulan la mente. Resultado: \u00a1energizante!<\/p>\n<h3><strong>Sesiones nocturnas<\/strong> (voces relajantes)<\/h3>\n<p>Los colores pulsantes combinados con las voces y la m\u00fasica detienen los pensamientos rumiantes y hacen que la mente descanse de forma natural; es la alternativa ideal a los somn\u00edferos.<\/p>\n<p><strong>Comentario<\/strong>: adem\u00e1s de las sesiones precargadas en su PSiO, puede descargar <strong>un centenar de programas adaptados a sus necesidades<\/strong>.<\/p>\n<p>[\/et_pb_text][et_pb_button button_url=\u00bbhttps:\/\/www.psiostore.com\/fr\/socialNetworks\/a127-corineleblanc\/sleep\/contact\/?t=presentation-psio\u00bb url_new_window=\u00bbon\u00bb button_text=\u00bbPRUEBA LAS GAFAS PSIO GRATIS\u00bb button_alignment=\u00bbleft\u00bb _builder_version=\u00bb4.9.11&#8243; hover_enabled=\u00bb0&#8243; global_colors_info=\u00bb{}\u00bb sticky_enabled=\u00bb0&#8243;][\/et_pb_button][\/et_pb_column][\/et_pb_row][et_pb_row column_structure=\u00bb2_3,1_3&#8243; make_equal=\u00bbon\u00bb _builder_version=\u00bb4.8.2&#8243; global_colors_info=\u00bb{}\u00bb][et_pb_column type=\u00bb2_3&#8243; _builder_version=\u00bb4.8.2&#8243; background_color=\u00bb#e2007a\u00bb global_colors_info=\u00bb{}\u00bb][et_pb_text _builder_version=\u00bb4.9.11&#8243; background_enable_color=\u00bboff\u00bb text_orientation=\u00bbjustified\u00bb background_layout=\u00bbdark\u00bb custom_padding=\u00bb2%|2%|2%|2%|true|true\u00bb hover_enabled=\u00bb0&#8243; global_colors_info=\u00bb{}\u00bb sticky_enabled=\u00bb0&#8243;]<\/p>\n<h4><strong>OLa visi\u00f3n PSiO<\/strong><\/h4>\n<p>A trav\u00e9s de PSiO y sus programas, nos proponemos capacitar a los usuarios para que dominen la relajaci\u00f3n y la meditaci\u00f3n. Esto es para evolucionar hacia una mejor versi\u00f3n de s\u00ed mismos, para dominar su mente y, por tanto, su destino.<\/p>\n<h4><strong>La misi\u00f3n PSiO<\/strong><\/h4>\n<p>Proporcionar una soluci\u00f3n antiestr\u00e9s port\u00e1til al mayor n\u00famero posible de personas para ayudarles a mejorar su sue\u00f1o y su equilibrio interno sin tener que cambiar su estilo de vida.<\/p>\n<h4><strong>Los valores PSiO<\/strong><\/h4>\n<p>Cuidar, compartir, innovar, tener una mentalidad abierta, respeto y \u00e9tica.<\/p>\n<p>[\/et_pb_text][\/et_pb_column][et_pb_column type=\u00bb1_3&#8243; _builder_version=\u00bb4.1&#8243; global_colors_info=\u00bb{}\u00bb][et_pb_image src=\u00bbhttps:\/\/lucialight.fr\/wp-content\/uploads\/2021\/02\/la-marque-psio-lunettes-luminotherapis.jpg\u00bb title_text=\u00bbla-marque-psio-lunettes-luminotherapis\u00bb align=\u00bbcenter\u00bb _builder_version=\u00bb4.8.2&#8243; global_colors_info=\u00bb{}\u00bb][\/et_pb_image][\/et_pb_column][\/et_pb_row][et_pb_row _builder_version=\u00bb4.8.2&#8243; _module_preset=\u00bbdefault\u00bb global_colors_info=\u00bb{}\u00bb][et_pb_column type=\u00bb4_4&#8243; _builder_version=\u00bb4.8.2&#8243; _module_preset=\u00bbdefault\u00bb global_colors_info=\u00bb{}\u00bb][et_pb_text _builder_version=\u00bb4.9.11&#8243; _module_preset=\u00bbdefault\u00bb text_orientation=\u00bbcenter\u00bb hover_enabled=\u00bb0&#8243; global_colors_info=\u00bb{}\u00bb sticky_enabled=\u00bb0&#8243;]<\/p>\n<h2>\u00bfC\u00f3mo <strong>comprar las gafas de fototerapia<\/strong> PSIO?<\/h2>\n<p><strong><\/strong><\/p>\n<p>[\/et_pb_text][\/et_pb_column][\/et_pb_row][et_pb_row column_structure=\u00bb3_4,1_4&#8243; _builder_version=\u00bb4.8.2&#8243; _module_preset=\u00bbdefault\u00bb global_colors_info=\u00bb{}\u00bb][et_pb_column type=\u00bb3_4&#8243; _builder_version=\u00bb4.8.2&#8243; _module_preset=\u00bbdefault\u00bb global_colors_info=\u00bb{}\u00bb][et_pb_text _builder_version=\u00bb4.9.11&#8243; _module_preset=\u00bbdefault\u00bb hover_enabled=\u00bb0&#8243; global_colors_info=\u00bb{}\u00bb sticky_enabled=\u00bb0&#8243;]<\/p>\n<p><span>Nuestra embajadora del PSIO, Corine Leblanc, le guiar\u00e1 en la elecci\u00f3n de su psio adaptado a sus necesidades, as\u00ed como en la elecci\u00f3n de los programas<\/span><\/p>\n<p>Corine Leblanc<br \/>Correo: corine.leblanc@me.com<br \/>Tel\u00e9fono: 06 62 69 54 37<\/p>\n<p><strong><span>El precio b\u00e1sico de las gafas Psio es inferior a 500 euros, IVA incluido<\/span><\/strong><\/p>\n<p>[\/et_pb_text][et_pb_button button_url=\u00bbhttps:\/\/www.psiostore.com\/fr\/socialNetworks\/a127-corineleblanc\/sleep\/contact\/?t=presentation-psio\u00bb url_new_window=\u00bbon\u00bb button_text=\u00bbCONTACTAR CON CORINE\u00bb button_alignment=\u00bbleft\u00bb _builder_version=\u00bb4.9.11&#8243; hover_enabled=\u00bb0&#8243; global_colors_info=\u00bb{}\u00bb sticky_enabled=\u00bb0&#8243;][\/et_pb_button][\/et_pb_column][et_pb_column type=\u00bb1_4&#8243; _builder_version=\u00bb4.8.2&#8243; _module_preset=\u00bbdefault\u00bb global_colors_info=\u00bb{}\u00bb][et_pb_image src=\u00bbhttps:\/\/lucialight.fr\/wp-content\/uploads\/2021\/02\/corinne-leblanc-psio-france.jpg\u00bb title_text=\u00bbcorinne-leblanc-psio-france\u00bb _builder_version=\u00bb4.8.2&#8243; _module_preset=\u00bbdefault\u00bb global_colors_info=\u00bb{}\u00bb][\/et_pb_image][\/et_pb_column][\/et_pb_row][\/et_pb_section]<\/p>\n","protected":false},"excerpt":{"rendered":"<p>Gafas de luminoterapia equipada con reproductor de MP3.PSiO combina la relajaci\u00f3n por m\u00fasica o voz con la estimulaci\u00f3n lum\u00ednica.\u00bfQu\u00e9 es Psio? \u00bfTecnolog\u00eda? La tecnolog\u00eda PSiO es el resultado de 28 a\u00f1os de investigaci\u00f3n en NEUROCIENCIAS.El PSiO es el resultado de una investigaci\u00f3n de alta tecnolog\u00eda en f\u00edsica \u00f3ptica en colaboraci\u00f3n con el profesor Habraken de [&hellip;]<\/p>\n","protected":false},"author":1,"featured_media":0,"parent":0,"menu_order":0,"comment_status":"closed","ping_status":"closed","template":"","meta":{"_et_pb_use_builder":"on","_et_pb_old_content":"","_et_gb_content_width":"","footnotes":""},"class_list":["post-658","page","type-page","status-publish","hentry"],"yoast_head":"<!-- This site is optimized with the Yoast SEO plugin v27.0 - https:\/\/yoast.com\/product\/yoast-seo-wordpress\/ -->\n<title>Comprar las Gafas Psio - L\u00e1mparas hipnag\u00f3gicas Lucialight.fr<\/title>\n<meta name=\"description\" content=\"\u00bfQu\u00e9 es Psio ? \u00bfC\u00f3mo comprar las gafas de fototerapia PSIO, y cual es el precio de esta Tecnolog\u00eda? Lucialight.fr\" \/>\n<meta name=\"robots\" content=\"index, follow, max-snippet:-1, max-image-preview:large, max-video-preview:-1\" \/>\n<link rel=\"canonical\" href=\"https:\/\/lucialight.fr\/es\/comprar-las-gafas-psio\/\" \/>\n<meta property=\"og:locale\" content=\"es_ES\" \/>\n<meta property=\"og:type\" content=\"article\" \/>\n<meta property=\"og:title\" content=\"Comprar las Gafas Psio - L\u00e1mparas hipnag\u00f3gicas Lucialight.fr\" \/>\n<meta property=\"og:description\" content=\"\u00bfQu\u00e9 es Psio ? \u00bfC\u00f3mo comprar las gafas de fototerapia PSIO, y cual es el precio de esta Tecnolog\u00eda? Lucialight.fr\" \/>\n<meta property=\"og:url\" content=\"https:\/\/lucialight.fr\/es\/comprar-las-gafas-psio\/\" \/>\n<meta property=\"og:site_name\" content=\"Lampes hypnagogiques lucialight.fr\" \/>\n<meta property=\"article:modified_time\" content=\"2021-10-25T07:37:26+00:00\" \/>\n<meta name=\"twitter:card\" content=\"summary_large_image\" \/>\n<meta name=\"twitter:label1\" content=\"Tiempo de lectura\" \/>\n\t<meta name=\"twitter:data1\" content=\"7 minutos\" \/>\n<script type=\"application\/ld+json\" class=\"yoast-schema-graph\">{\"@context\":\"https:\/\/schema.org\",\"@graph\":[{\"@type\":\"WebPage\",\"@id\":\"https:\/\/lucialight.fr\/es\/comprar-las-gafas-psio\/\",\"url\":\"https:\/\/lucialight.fr\/es\/comprar-las-gafas-psio\/\",\"name\":\"Comprar las Gafas Psio - L\u00e1mparas hipnag\u00f3gicas Lucialight.fr\",\"isPartOf\":{\"@id\":\"https:\/\/lucialight.fr\/es\/#website\"},\"datePublished\":\"2021-10-22T16:18:45+00:00\",\"dateModified\":\"2021-10-25T07:37:26+00:00\",\"description\":\"\u00bfQu\u00e9 es Psio ? \u00bfC\u00f3mo comprar las gafas de fototerapia PSIO, y cual es el precio de esta Tecnolog\u00eda? Lucialight.fr\",\"breadcrumb\":{\"@id\":\"https:\/\/lucialight.fr\/es\/comprar-las-gafas-psio\/#breadcrumb\"},\"inLanguage\":\"es\",\"potentialAction\":[{\"@type\":\"ReadAction\",\"target\":[\"https:\/\/lucialight.fr\/es\/comprar-las-gafas-psio\/\"]}]},{\"@type\":\"BreadcrumbList\",\"@id\":\"https:\/\/lucialight.fr\/es\/comprar-las-gafas-psio\/#breadcrumb\",\"itemListElement\":[{\"@type\":\"ListItem\",\"position\":1,\"name\":\"Accueil\",\"item\":\"https:\/\/lucialight.fr\/es\/\"},{\"@type\":\"ListItem\",\"position\":2,\"name\":\"Comprar las Gafas Psio\"}]},{\"@type\":\"WebSite\",\"@id\":\"https:\/\/lucialight.fr\/es\/#website\",\"url\":\"https:\/\/lucialight.fr\/es\/\",\"name\":\"Lampes hypnagogiques lucialight.fr\",\"description\":\"\",\"potentialAction\":[{\"@type\":\"SearchAction\",\"target\":{\"@type\":\"EntryPoint\",\"urlTemplate\":\"https:\/\/lucialight.fr\/es\/?s={search_term_string}\"},\"query-input\":{\"@type\":\"PropertyValueSpecification\",\"valueRequired\":true,\"valueName\":\"search_term_string\"}}],\"inLanguage\":\"es\"}]}<\/script>\n<!-- \/ Yoast SEO plugin. -->","yoast_head_json":{"title":"Comprar las Gafas Psio - L\u00e1mparas hipnag\u00f3gicas Lucialight.fr","description":"\u00bfQu\u00e9 es Psio ? \u00bfC\u00f3mo comprar las gafas de fototerapia PSIO, y cual es el precio de esta Tecnolog\u00eda? Lucialight.fr","robots":{"index":"index","follow":"follow","max-snippet":"max-snippet:-1","max-image-preview":"max-image-preview:large","max-video-preview":"max-video-preview:-1"},"canonical":"https:\/\/lucialight.fr\/es\/comprar-las-gafas-psio\/","og_locale":"es_ES","og_type":"article","og_title":"Comprar las Gafas Psio - L\u00e1mparas hipnag\u00f3gicas Lucialight.fr","og_description":"\u00bfQu\u00e9 es Psio ? \u00bfC\u00f3mo comprar las gafas de fototerapia PSIO, y cual es el precio de esta Tecnolog\u00eda? Lucialight.fr","og_url":"https:\/\/lucialight.fr\/es\/comprar-las-gafas-psio\/","og_site_name":"Lampes hypnagogiques lucialight.fr","article_modified_time":"2021-10-25T07:37:26+00:00","twitter_card":"summary_large_image","twitter_misc":{"Tiempo de lectura":"7 minutos"},"schema":{"@context":"https:\/\/schema.org","@graph":[{"@type":"WebPage","@id":"https:\/\/lucialight.fr\/es\/comprar-las-gafas-psio\/","url":"https:\/\/lucialight.fr\/es\/comprar-las-gafas-psio\/","name":"Comprar las Gafas Psio - L\u00e1mparas hipnag\u00f3gicas Lucialight.fr","isPartOf":{"@id":"https:\/\/lucialight.fr\/es\/#website"},"datePublished":"2021-10-22T16:18:45+00:00","dateModified":"2021-10-25T07:37:26+00:00","description":"\u00bfQu\u00e9 es Psio ? \u00bfC\u00f3mo comprar las gafas de fototerapia PSIO, y cual es el precio de esta Tecnolog\u00eda? Lucialight.fr","breadcrumb":{"@id":"https:\/\/lucialight.fr\/es\/comprar-las-gafas-psio\/#breadcrumb"},"inLanguage":"es","potentialAction":[{"@type":"ReadAction","target":["https:\/\/lucialight.fr\/es\/comprar-las-gafas-psio\/"]}]},{"@type":"BreadcrumbList","@id":"https:\/\/lucialight.fr\/es\/comprar-las-gafas-psio\/#breadcrumb","itemListElement":[{"@type":"ListItem","position":1,"name":"Accueil","item":"https:\/\/lucialight.fr\/es\/"},{"@type":"ListItem","position":2,"name":"Comprar las Gafas Psio"}]},{"@type":"WebSite","@id":"https:\/\/lucialight.fr\/es\/#website","url":"https:\/\/lucialight.fr\/es\/","name":"Lampes hypnagogiques lucialight.fr","description":"","potentialAction":[{"@type":"SearchAction","target":{"@type":"EntryPoint","urlTemplate":"https:\/\/lucialight.fr\/es\/?s={search_term_string}"},"query-input":{"@type":"PropertyValueSpecification","valueRequired":true,"valueName":"search_term_string"}}],"inLanguage":"es"}]}},"_links":{"self":[{"href":"https:\/\/lucialight.fr\/es\/wp-json\/wp\/v2\/pages\/658","targetHints":{"allow":["GET"]}}],"collection":[{"href":"https:\/\/lucialight.fr\/es\/wp-json\/wp\/v2\/pages"}],"about":[{"href":"https:\/\/lucialight.fr\/es\/wp-json\/wp\/v2\/types\/page"}],"author":[{"embeddable":true,"href":"https:\/\/lucialight.fr\/es\/wp-json\/wp\/v2\/users\/1"}],"replies":[{"embeddable":true,"href":"https:\/\/lucialight.fr\/es\/wp-json\/wp\/v2\/comments?post=658"}],"version-history":[{"count":8,"href":"https:\/\/lucialight.fr\/es\/wp-json\/wp\/v2\/pages\/658\/revisions"}],"predecessor-version":[{"id":668,"href":"https:\/\/lucialight.fr\/es\/wp-json\/wp\/v2\/pages\/658\/revisions\/668"}],"wp:attachment":[{"href":"https:\/\/lucialight.fr\/es\/wp-json\/wp\/v2\/media?parent=658"}],"curies":[{"name":"wp","href":"https:\/\/api.w.org\/{rel}","templated":true}]}}