{"id":776,"date":"2021-11-04T14:38:06","date_gmt":"2021-11-04T13:38:06","guid":{"rendered":"https:\/\/lucialight.fr\/acheter-des-lunettes-psio\/"},"modified":"2021-12-01T09:51:57","modified_gmt":"2021-12-01T08:51:57","slug":"psio-glasses","status":"publish","type":"page","link":"https:\/\/lucialight.fr\/en\/psio-glasses\/","title":{"rendered":"Psio glasses"},"content":{"rendered":"<p>[et_pb_section fb_built=&#8221;1&#8243; fullwidth=&#8221;on&#8221; _builder_version=&#8221;4.1&#8243; global_colors_info=&#8221;{}&#8221;][et_pb_fullwidth_header title=&#8221;Psio glasses, light therapy for individuals&#8221; background_overlay_color=&#8221;rgba(0,0,0,0.48)&#8221; _builder_version=&#8221;4.9.11&#8243; background_color=&#8221;#FFFFFF&#8221; background_image=&#8221;https:\/\/lucialight.fr\/wp-content\/uploads\/2021\/02\/acheter-lunette-psio-luminotherapie.jpg&#8221; background_size=&#8221;initial&#8221; background_position=&#8221;top_center&#8221; custom_button_one=&#8221;on&#8221; custom_padding=&#8221;5%||5%||true|false&#8221; custom_padding_tablet=&#8221;4%||4%||true|false&#8221; custom_padding_phone=&#8221;0%||0%||true|false&#8221; custom_padding_last_edited=&#8221;on|desktop&#8221; button_one_text_size_tablet=&#8221;&#8221; button_one_text_size_phone=&#8221;13px&#8221; button_one_text_size_last_edited=&#8221;on|phone&#8221; global_colors_info=&#8221;{}&#8221;]<\/p>\n<p><strong>Luminothapie glasses<\/strong>\u00a0Equipped with an MP3 player.<br \/>PSiO combines\u00a0<strong>music<\/strong>\u00a0or voice relaxation with\u00a0<strong>light stimulation<\/strong><\/p>\n<p>[\/et_pb_fullwidth_header][\/et_pb_section][et_pb_section fb_built=&#8221;1&#8243; _builder_version=&#8221;4.1&#8243; custom_padding=&#8221;0px||0px||true|false&#8221; global_colors_info=&#8221;{}&#8221;][et_pb_row _builder_version=&#8221;4.1&#8243; global_colors_info=&#8221;{}&#8221;][et_pb_column type=&#8221;4_4&#8243; _builder_version=&#8221;4.1&#8243; global_colors_info=&#8221;{}&#8221;][et_pb_text _builder_version=&#8221;4.9.11&#8243; text_orientation=&#8221;center&#8221; global_colors_info=&#8221;{}&#8221;]<\/p>\n<h2>What is Psio?\u00a0Technology?<\/h2>\n<p>PSiO technology is the result of\u00a0<strong>28 years of NEUROSCIENCE research.<\/strong><br \/>The PSiO is the result of high-tech research in optical physics in collaboration with Professor Habraken from the University of Li\u00e8ge, Belgium.\u00a0Eminent researcher, author of several invention patents and collaborator with the Space Agency The PSiO has obtained CE and FCC certificates (no emission of electromagnetic waves)<\/p>\n<p>[\/et_pb_text][\/et_pb_column][\/et_pb_row][et_pb_row column_structure=&#8221;2_3,1_3&#8243; _builder_version=&#8221;4.1&#8243; global_colors_info=&#8221;{}&#8221;][et_pb_column type=&#8221;2_3&#8243; _builder_version=&#8221;4.1&#8243; global_colors_info=&#8221;{}&#8221;][et_pb_text _builder_version=&#8221;4.9.11&#8243; custom_margin=&#8221;||0px||false|false&#8221; custom_padding=&#8221;||||false|false&#8221; hover_enabled=&#8221;0&#8243; global_colors_info=&#8221;{}&#8221; sticky_enabled=&#8221;0&#8243;]<\/p>\n<h2><strong>Glasses to sleep<\/strong> and <strong>to wake up<\/strong><\/h2>\n<p>[\/et_pb_text][et_pb_text _builder_version=&#8221;4.9.11&#8243; text_orientation=&#8221;justified&#8221; global_colors_info=&#8221;{}&#8221;]<\/p>\n<p>or more than 20 years, PSiO technology has been used with <strong>great success in hospitals<\/strong>, in particular, to <strong>manage stress in local anesthesiology<\/strong>, in the recovery room and in the sleep laboratory .<br \/>Dr Patrick Lemoine Use in the sleep lab:<\/p>\n<p>Extract from the book \u201cTo sleep without medication\u2026 or almost\u201d (Laffont edition) by Dr Patrick Lemoine:<br \/>Dr Patrick Lemoine Usage en labo du sommeil :<\/p>\n<p>Extrait du livre \u00ab Dormir sans me\u0301dicaments&#8230; ou presque \u00bb ( e\u0301dition Laffont ) du Dr Patrick Lemoine :<\/p>\n<blockquote>\n<p><em>I found it so interesting that I began to prescribe it to my most severely insomniac patients, with sometimes surprising results\u2026<br \/>Some very invigorating programs wake up and give shape, others offer very sophisticated relaxation exercises with muscular exercises, still others are closer to hypnosis\u2026 in short, the system is very rich and varied and it has changed the way I treat my most seriously affected patients. In my opinion, we are very far from being faced with a simple gadget. It is rather a portable device allowing to indulge in meditation, cognitive and behavioral therapies, relaxation, self-hypnosis\u2026<\/em><\/p>\n<\/blockquote>\n<p>[\/et_pb_text][et_pb_button button_url=&#8221;https:\/\/www.psiostore.com\/fr\/socialNetworks\/a127-corineleblanc\/sleep\/contact\/?t=presentation-psio&#8221; url_new_window=&#8221;on&#8221; button_text=&#8221;RECEIVE PSIO GLASSES for free&#8221; button_alignment=&#8221;left&#8221; _builder_version=&#8221;4.9.11&#8243; global_colors_info=&#8221;{}&#8221;][\/et_pb_button][\/et_pb_column][et_pb_column type=&#8221;1_3&#8243; _builder_version=&#8221;4.1&#8243; global_colors_info=&#8221;{}&#8221;][et_pb_image src=&#8221;https:\/\/lucialight.fr\/wp-content\/uploads\/2021\/02\/lunettes-psio-avis.jpg&#8221; title_text=&#8221;lunettes-psio-avis&#8221; align=&#8221;center&#8221; _builder_version=&#8221;4.8.2&#8243; global_colors_info=&#8221;{}&#8221;][\/et_pb_image][\/et_pb_column][\/et_pb_row][et_pb_row column_structure=&#8221;1_3,2_3&#8243; _builder_version=&#8221;4.1&#8243; global_colors_info=&#8221;{}&#8221;][et_pb_column type=&#8221;1_3&#8243; _builder_version=&#8221;4.1&#8243; global_colors_info=&#8221;{}&#8221;][et_pb_image src=&#8221;https:\/\/lucialight.fr\/wp-content\/uploads\/2021\/02\/lunettes-psio-prix.jpg&#8221; title_text=&#8221;lunettes-psio-prix&#8221; align=&#8221;center&#8221; _builder_version=&#8221;4.8.2&#8243; global_colors_info=&#8221;{}&#8221;][\/et_pb_image][et_pb_image src=&#8221;https:\/\/lucialight.fr\/wp-content\/uploads\/2021\/02\/luminotherapie-pour-les-particuliers.jpg&#8221; title_text=&#8221;luminotherapie-pour-les-particuliers&#8221; align=&#8221;center&#8221; _builder_version=&#8221;4.8.2&#8243; global_colors_info=&#8221;{}&#8221;][\/et_pb_image][\/et_pb_column][et_pb_column type=&#8221;2_3&#8243; _builder_version=&#8221;4.1&#8243; global_colors_info=&#8221;{}&#8221;][et_pb_text _builder_version=&#8221;4.9.11&#8243; link_font=&#8221;|600|||||||&#8221; link_text_color=&#8221;#4c2e6f&#8221; custom_margin=&#8221;||0px||false|false&#8221; custom_padding=&#8221;||||false|false&#8221; global_colors_info=&#8221;{}&#8221;]<\/p>\n<h2>How is <strong>PSIO complementary<\/strong> with <strong>Lucia light<\/strong> N\u00b003 ?<\/h2>\n<p>[\/et_pb_text][et_pb_text _builder_version=&#8221;4.9.11&#8243; text_orientation=&#8221;justified&#8221; global_colors_info=&#8221;{}&#8221;]<\/p>\n<ul>\n<li>In your private space , while traveling , on the move , in addition to LUCIA sessions with your therapist , PSIO will be a discreet companion (The PSIO weighs only 107 grams).<\/li>\n<li>Some audio programs associated with light.<\/li>\n<\/ul>\n<h3><strong>Light therapy for morning sessions<\/strong> (positive visions)<\/h3>\n<p>They allow you to wake up more efficiently with light and start the day in great shape thanks to the positive visualization practiced with your PSiO.<\/p>\n<h3><strong>Afternoon sessions<\/strong> (music)<\/h3>\n<p>True turbo-naps, they allow a recuperative break in music while stimulating the mind. Result: energizing!<\/p>\n<h3><strong>Evening sessions<\/strong> (relaxing voices)<\/h3>\n<p>Pulsed colors associated with voices &amp; music stop ruminating thoughts and naturally put the mind at rest; it is the ideal alternative to sleeping pills.<\/p>\n<p><em><strong>NB : in addition to the sessions preloaded on your PSiO, around a hundred programs adapted to your needs can be downloaded.<\/strong><\/em><\/p>\n<p>[\/et_pb_text][et_pb_button button_url=&#8221;https:\/\/www.psiostore.com\/fr\/socialNetworks\/a127-corineleblanc\/sleep\/contact\/?t=presentation-psio&#8221; url_new_window=&#8221;on&#8221; button_text=&#8221;TRY PSIO GLASSES FOR FREE&#8221; button_alignment=&#8221;left&#8221; _builder_version=&#8221;4.9.11&#8243; global_colors_info=&#8221;{}&#8221;][\/et_pb_button][\/et_pb_column][\/et_pb_row][et_pb_row column_structure=&#8221;2_3,1_3&#8243; make_equal=&#8221;on&#8221; _builder_version=&#8221;4.8.2&#8243; global_colors_info=&#8221;{}&#8221;][et_pb_column type=&#8221;2_3&#8243; _builder_version=&#8221;4.8.2&#8243; background_color=&#8221;#e2007a&#8221; global_colors_info=&#8221;{}&#8221;][et_pb_text _builder_version=&#8221;4.9.11&#8243; background_enable_color=&#8221;off&#8221; text_orientation=&#8221;justified&#8221; background_layout=&#8221;dark&#8221; custom_padding=&#8221;2%|2%|2%|2%|true|true&#8221; global_colors_info=&#8221;{}&#8221;]<\/p>\n<h4><strong>The PSiO vision<\/strong><\/h4>\n<p>Thanks to the PSiO and its programs, we propose to empower users in the mastery of relaxation and meditation. This in order to evolve towards a better version of themselves, to control their mind and therefore their destiny.<\/p>\n<h4><strong>The PSiO mission<\/strong><\/h4>\n<p>Providing a portable stress reliever solution to as many people as possible to help them improve their sleep and internal balance without having to change their lifestyle.<\/p>\n<h4><strong>The Psio values<\/strong><\/h4>\n<p>Kindness, sharing, innovation, open-mindedness, respect &amp; ethics.<\/p>\n<p>[\/et_pb_text][\/et_pb_column][et_pb_column type=&#8221;1_3&#8243; _builder_version=&#8221;4.1&#8243; global_colors_info=&#8221;{}&#8221;][et_pb_image src=&#8221;https:\/\/lucialight.fr\/wp-content\/uploads\/2021\/02\/la-marque-psio-lunettes-luminotherapis.jpg&#8221; title_text=&#8221;la-marque-psio-lunettes-luminotherapis&#8221; align=&#8221;center&#8221; _builder_version=&#8221;4.8.2&#8243; global_colors_info=&#8221;{}&#8221;][\/et_pb_image][\/et_pb_column][\/et_pb_row][et_pb_row _builder_version=&#8221;4.8.2&#8243; _module_preset=&#8221;default&#8221; global_colors_info=&#8221;{}&#8221;][et_pb_column type=&#8221;4_4&#8243; _builder_version=&#8221;4.8.2&#8243; _module_preset=&#8221;default&#8221; global_colors_info=&#8221;{}&#8221;][et_pb_text _builder_version=&#8221;4.9.11&#8243; _module_preset=&#8221;default&#8221; text_orientation=&#8221;center&#8221; global_colors_info=&#8221;{}&#8221;]<\/p>\n<h2>How <strong>to buy PSIO<\/strong> light therapy glasses ?<\/h2>\n<p>[\/et_pb_text][\/et_pb_column][\/et_pb_row][et_pb_row column_structure=&#8221;3_4,1_4&#8243; _builder_version=&#8221;4.8.2&#8243; _module_preset=&#8221;default&#8221; global_colors_info=&#8221;{}&#8221;][et_pb_column type=&#8221;3_4&#8243; _builder_version=&#8221;4.8.2&#8243; _module_preset=&#8221;default&#8221; global_colors_info=&#8221;{}&#8221;][et_pb_text _builder_version=&#8221;4.9.11&#8243; _module_preset=&#8221;default&#8221; global_colors_info=&#8221;{}&#8221;]<\/p>\n<p>Our PSIO Ambassador Corine Leblanc will guide you on the choice of your psio adapted to your needs as well as the choice of programs<br \/>Corine Leblanc<br \/>Mail corine.leblanc@me.com<br \/>Tel: 06 62 69 54 37<\/p>\n<p><strong>The base price of Psio glasses is less than 500 euros including tax<\/strong><\/p>\n<p>[\/et_pb_text][et_pb_button button_url=&#8221;https:\/\/www.psiostore.com\/fr\/socialNetworks\/a127-corineleblanc\/sleep\/contact\/?t=presentation-psio&#8221; url_new_window=&#8221;on&#8221; button_text=&#8221;Contact Corine&#8221; button_alignment=&#8221;left&#8221; _builder_version=&#8221;4.9.11&#8243; global_colors_info=&#8221;{}&#8221;][\/et_pb_button][\/et_pb_column][et_pb_column type=&#8221;1_4&#8243; _builder_version=&#8221;4.8.2&#8243; _module_preset=&#8221;default&#8221; global_colors_info=&#8221;{}&#8221;][et_pb_image src=&#8221;https:\/\/lucialight.fr\/wp-content\/uploads\/2021\/02\/corinne-leblanc-psio-france.jpg&#8221; title_text=&#8221;corinne-leblanc-psio-france&#8221; _builder_version=&#8221;4.8.2&#8243; _module_preset=&#8221;default&#8221; global_colors_info=&#8221;{}&#8221;][\/et_pb_image][\/et_pb_column][\/et_pb_row][\/et_pb_section]<\/p>\n","protected":false},"excerpt":{"rendered":"<p>Luminothapie glasses\u00a0Equipped with an MP3 player.PSiO combines\u00a0music\u00a0or voice relaxation with\u00a0light stimulationWhat is Psio?\u00a0Technology? PSiO technology is the result of\u00a028 years of NEUROSCIENCE research.The PSiO is the result of high-tech research in optical physics in collaboration with Professor Habraken from the University of Li\u00e8ge, Belgium.\u00a0Eminent researcher, author of several invention patents and collaborator with the Space [&hellip;]<\/p>\n","protected":false},"author":1,"featured_media":0,"parent":0,"menu_order":0,"comment_status":"closed","ping_status":"closed","template":"","meta":{"_et_pb_use_builder":"on","_et_pb_old_content":"","_et_gb_content_width":"","footnotes":""},"class_list":["post-776","page","type-page","status-publish","hentry"],"yoast_head":"<!-- This site is optimized with the Yoast SEO plugin v27.0 - https:\/\/yoast.com\/product\/yoast-seo-wordpress\/ -->\n<title>Psio glasses - Lampes hypnagogiques lucialight.fr<\/title>\n<meta name=\"description\" content=\"A quel prix acheter une paire de lunettes psio ? Avis et bienfaits de cette technologie de luminoth\u00e9rapie par le son et la lumi\u00e8re - Lunettes psio \u00e0 vendre\" \/>\n<meta name=\"robots\" content=\"index, follow, max-snippet:-1, max-image-preview:large, max-video-preview:-1\" \/>\n<link rel=\"canonical\" href=\"https:\/\/lucialight.fr\/en\/psio-glasses\/\" \/>\n<meta property=\"og:locale\" content=\"en_US\" \/>\n<meta property=\"og:type\" content=\"article\" \/>\n<meta property=\"og:title\" content=\"Psio glasses - Lampes hypnagogiques lucialight.fr\" \/>\n<meta property=\"og:description\" content=\"A quel prix acheter une paire de lunettes psio ? Avis et bienfaits de cette technologie de luminoth\u00e9rapie par le son et la lumi\u00e8re - Lunettes psio \u00e0 vendre\" \/>\n<meta property=\"og:url\" content=\"https:\/\/lucialight.fr\/en\/psio-glasses\/\" \/>\n<meta property=\"og:site_name\" content=\"Lampes hypnagogiques lucialight.fr\" \/>\n<meta property=\"article:modified_time\" content=\"2021-12-01T08:51:57+00:00\" \/>\n<meta name=\"twitter:card\" content=\"summary_large_image\" \/>\n<meta name=\"twitter:label1\" content=\"Est. reading time\" \/>\n\t<meta name=\"twitter:data1\" content=\"6 minutes\" \/>\n<script type=\"application\/ld+json\" class=\"yoast-schema-graph\">{\"@context\":\"https:\/\/schema.org\",\"@graph\":[{\"@type\":\"WebPage\",\"@id\":\"https:\/\/lucialight.fr\/en\/psio-glasses\/\",\"url\":\"https:\/\/lucialight.fr\/en\/psio-glasses\/\",\"name\":\"Psio glasses - Lampes hypnagogiques lucialight.fr\",\"isPartOf\":{\"@id\":\"https:\/\/lucialight.fr\/en\/#website\"},\"datePublished\":\"2021-11-04T13:38:06+00:00\",\"dateModified\":\"2021-12-01T08:51:57+00:00\",\"description\":\"A quel prix acheter une paire de lunettes psio ? Avis et bienfaits de cette technologie de luminoth\u00e9rapie par le son et la lumi\u00e8re - Lunettes psio \u00e0 vendre\",\"breadcrumb\":{\"@id\":\"https:\/\/lucialight.fr\/en\/psio-glasses\/#breadcrumb\"},\"inLanguage\":\"en-US\",\"potentialAction\":[{\"@type\":\"ReadAction\",\"target\":[\"https:\/\/lucialight.fr\/en\/psio-glasses\/\"]}]},{\"@type\":\"BreadcrumbList\",\"@id\":\"https:\/\/lucialight.fr\/en\/psio-glasses\/#breadcrumb\",\"itemListElement\":[{\"@type\":\"ListItem\",\"position\":1,\"name\":\"Accueil\",\"item\":\"https:\/\/lucialight.fr\/en\/\"},{\"@type\":\"ListItem\",\"position\":2,\"name\":\"Psio glasses\"}]},{\"@type\":\"WebSite\",\"@id\":\"https:\/\/lucialight.fr\/en\/#website\",\"url\":\"https:\/\/lucialight.fr\/en\/\",\"name\":\"Lampes hypnagogiques lucialight.fr\",\"description\":\"\",\"potentialAction\":[{\"@type\":\"SearchAction\",\"target\":{\"@type\":\"EntryPoint\",\"urlTemplate\":\"https:\/\/lucialight.fr\/en\/?s={search_term_string}\"},\"query-input\":{\"@type\":\"PropertyValueSpecification\",\"valueRequired\":true,\"valueName\":\"search_term_string\"}}],\"inLanguage\":\"en-US\"}]}<\/script>\n<!-- \/ Yoast SEO plugin. -->","yoast_head_json":{"title":"Psio glasses - Lampes hypnagogiques lucialight.fr","description":"A quel prix acheter une paire de lunettes psio ? Avis et bienfaits de cette technologie de luminoth\u00e9rapie par le son et la lumi\u00e8re - Lunettes psio \u00e0 vendre","robots":{"index":"index","follow":"follow","max-snippet":"max-snippet:-1","max-image-preview":"max-image-preview:large","max-video-preview":"max-video-preview:-1"},"canonical":"https:\/\/lucialight.fr\/en\/psio-glasses\/","og_locale":"en_US","og_type":"article","og_title":"Psio glasses - Lampes hypnagogiques lucialight.fr","og_description":"A quel prix acheter une paire de lunettes psio ? Avis et bienfaits de cette technologie de luminoth\u00e9rapie par le son et la lumi\u00e8re - Lunettes psio \u00e0 vendre","og_url":"https:\/\/lucialight.fr\/en\/psio-glasses\/","og_site_name":"Lampes hypnagogiques lucialight.fr","article_modified_time":"2021-12-01T08:51:57+00:00","twitter_card":"summary_large_image","twitter_misc":{"Est. reading time":"6 minutes"},"schema":{"@context":"https:\/\/schema.org","@graph":[{"@type":"WebPage","@id":"https:\/\/lucialight.fr\/en\/psio-glasses\/","url":"https:\/\/lucialight.fr\/en\/psio-glasses\/","name":"Psio glasses - Lampes hypnagogiques lucialight.fr","isPartOf":{"@id":"https:\/\/lucialight.fr\/en\/#website"},"datePublished":"2021-11-04T13:38:06+00:00","dateModified":"2021-12-01T08:51:57+00:00","description":"A quel prix acheter une paire de lunettes psio ? Avis et bienfaits de cette technologie de luminoth\u00e9rapie par le son et la lumi\u00e8re - Lunettes psio \u00e0 vendre","breadcrumb":{"@id":"https:\/\/lucialight.fr\/en\/psio-glasses\/#breadcrumb"},"inLanguage":"en-US","potentialAction":[{"@type":"ReadAction","target":["https:\/\/lucialight.fr\/en\/psio-glasses\/"]}]},{"@type":"BreadcrumbList","@id":"https:\/\/lucialight.fr\/en\/psio-glasses\/#breadcrumb","itemListElement":[{"@type":"ListItem","position":1,"name":"Accueil","item":"https:\/\/lucialight.fr\/en\/"},{"@type":"ListItem","position":2,"name":"Psio glasses"}]},{"@type":"WebSite","@id":"https:\/\/lucialight.fr\/en\/#website","url":"https:\/\/lucialight.fr\/en\/","name":"Lampes hypnagogiques lucialight.fr","description":"","potentialAction":[{"@type":"SearchAction","target":{"@type":"EntryPoint","urlTemplate":"https:\/\/lucialight.fr\/en\/?s={search_term_string}"},"query-input":{"@type":"PropertyValueSpecification","valueRequired":true,"valueName":"search_term_string"}}],"inLanguage":"en-US"}]}},"_links":{"self":[{"href":"https:\/\/lucialight.fr\/en\/wp-json\/wp\/v2\/pages\/776","targetHints":{"allow":["GET"]}}],"collection":[{"href":"https:\/\/lucialight.fr\/en\/wp-json\/wp\/v2\/pages"}],"about":[{"href":"https:\/\/lucialight.fr\/en\/wp-json\/wp\/v2\/types\/page"}],"author":[{"embeddable":true,"href":"https:\/\/lucialight.fr\/en\/wp-json\/wp\/v2\/users\/1"}],"replies":[{"embeddable":true,"href":"https:\/\/lucialight.fr\/en\/wp-json\/wp\/v2\/comments?post=776"}],"version-history":[{"count":8,"href":"https:\/\/lucialight.fr\/en\/wp-json\/wp\/v2\/pages\/776\/revisions"}],"predecessor-version":[{"id":793,"href":"https:\/\/lucialight.fr\/en\/wp-json\/wp\/v2\/pages\/776\/revisions\/793"}],"wp:attachment":[{"href":"https:\/\/lucialight.fr\/en\/wp-json\/wp\/v2\/media?parent=776"}],"curies":[{"name":"wp","href":"https:\/\/api.w.org\/{rel}","templated":true}]}}